{"id":82,"date":"2020-09-23T15:33:53","date_gmt":"2020-09-23T15:33:53","guid":{"rendered":"https:\/\/proteo.yithemes.com\/elementor-food\/?post_type=product&#038;p=82"},"modified":"2023-03-23T03:47:14","modified_gmt":"2023-03-23T03:47:14","slug":"gomitas-de-cbd-costarica","status":"publish","type":"product","link":"https:\/\/cbd.encostarica.org\/index.php\/product\/gomitas-de-cbd-costarica\/","title":{"rendered":"Gomitas De CBD Costa Rica"},"content":{"rendered":"","protected":false},"excerpt":{"rendered":"<h2><span style=\"color: #008080;\">GOMITAS DE CBD PREMIUM COSTA RICA<\/span><\/h2>\n<p><strong>DESCRIPCI\u00d3N<\/strong><\/p>\n<p>Las gomitas de CBD Costa Rica aportan una dosis de 10 mg de CBD por gomita para optimizar tu bienestar y fomentar la relajaci\u00f3n. Si buscas una forma de vivir un estilo de vida equilibrado y positivo sin esfuerzo, las gomitas de CBD son el suplemento con el que debes empezar.<\/p>\n<p>Informaci\u00f3n del producto<br \/>\n&#8211; 10 mg de CBD por gomita<br \/>\n&#8211; 300 mg de CBD en total<br \/>\n&#8211; Probado por laboratorios independientes<br \/>\n&#8211; Hechas en Estados Unidos<\/p>\n<p>&nbsp;<\/p>\n<p><strong>DATOS DEL SUPLEMENTO<\/strong><\/p>\n<p>Tama\u00f1o de la porci\u00f3n: 1 gomita<br \/>\nGomitas por botella: 30<\/p>\n<p>Ingredientes: Extracto puro de CBD (Cannabidiol) 10 mg<br \/>\nOtros ingredientes: Jarabe de ma\u00edz, az\u00facar, pectina, sabores naturales y artificiales, citrato de sodio, \u00e1cido c\u00edtrico, gelatina, \u00e1cido m\u00e1lico, \u00e1cido l\u00e1ctico, FD&amp;C rojo n\u00ba 3, FD&amp;C azul n\u00ba 1, FD&amp;C amarillo n\u00ba 5<\/p>\n<p>Sin l\u00e1cteos &#8211; Sin grasas &#8211; Sin gluten &#8211; Bajo en sodio &#8211; Sin glutamato &#8211; Sin edulcorantes artificiales &#8211; Sin cacahuetes &#8211; Sin frutos secos<\/p>\n<p>&nbsp;<\/p>\n<p><strong>\u00bfQU\u00c9 SON LAS GOMITAS DE 300 MG DE CBD?<\/strong><\/p>\n<p>Las gomitas de CBD EXQUIS de 300mg son sabrosas gomitas infundidas con 10 mg de CBD de primera calidad. Estas gomitas de CBD tienen deliciosos sabores, como fresa, manzana verde, bayas, lima y frambuesa azul. Procedente de plantas de c\u00e1\u00f1amo industrial, nuestro CBD fomenta la calma y la relajaci\u00f3n en medio del ajetreo de la vida cotidiana. Tomadas una o dos veces al d\u00eda, las gomitas de CBD Original pueden ayudar a proporcionar equilibrio y optimizar tu bienestar general para ayudarte a sentirte mejor.<\/p>\n<p>&nbsp;<\/p>\n<p><strong>TOMAR GOMITAS DE CBD DE 300 MG<\/strong><\/p>\n<p>Nuestras gomitas de CBD de 300mg originales de 100 unidades se encuentran entre los productos m\u00e1s f\u00e1ciles de tomar de toda nuestra selecci\u00f3n. Simplemente elija una o dos deliciosas gomitas, p\u00f3ngalas en la boca, mastique y trague &#8211; \u00a1ya est\u00e1 todo listo! Estas sabrosas gomitas son divertidas de tomar y hacen que obtener tu raci\u00f3n diaria de CBD sea una experiencia deliciosa.<\/p>\n<p>&nbsp;<\/p>\n<p><strong>\u00bfCU\u00c1NTAS GOMITAS DE 1500MG DE CBD DEBO CONSUMIR?<\/strong><\/p>\n<p>El CBD afecta a cada persona de forma diferente en funci\u00f3n de factores como la edad, la composici\u00f3n corporal y el nivel de experiencia, por lo que recomendamos empezar con una o dos gomitas. Una vez que sepas c\u00f3mo te afectan, puedes aumentar gradualmente tu consumo diario seg\u00fan lo necesites. Debido a los efectos calmantes y a veces agotadores del CBD, te aconsejamos que pruebes las gomitas de CBD por primera vez una hora antes de acostarte, para que puedas calibrar c\u00f3mo te sientes en un entorno c\u00f3modo.<\/p>\n<p>&nbsp;<\/p>\n<p><strong>\u00bfQU\u00c9 HACEN LAS GOMITAS DE CBD?<\/strong><\/p>\n<p>El CBD afecta a cada persona de forma un poco diferente, en funci\u00f3n del peso, la composici\u00f3n corporal y otros factores. Sin embargo, muchos de los beneficios m\u00e1s comunes de nuestras gomitas de CBD incluyen una mayor sensaci\u00f3n de calma y relajaci\u00f3n, alivio del estr\u00e9s y la ansiedad y una sensaci\u00f3n general de equilibrio y bienestar positivo.<\/p>\n<p>&nbsp;<\/p>\n<p><strong>\u00bfCU\u00c1NTO DURA EL EFECTO DE LAS GOMITAS DE CBD?<\/strong><\/p>\n<p>Dado que las gomitas de CBD se ingieren por v\u00eda oral y deben pasar primero por el sistema digestivo, puede pasar hasta una hora m\u00e1s o menos despu\u00e9s de comer una gomita para sentir sus efectos. La calma, la relajaci\u00f3n y otros beneficios de nuestras gomitas de CBD pueden durar por varias horas despu\u00e9s de comerlas.<\/p>\n<p>&nbsp;<\/p>\n<p><strong>\u00bfCU\u00c1NTO TIEMPO TARDAN LAS GOMITAS DE CBD EN HACER EFECTO?<\/strong><\/p>\n<p>Como ya hemos dicho, el CBD afecta a cada persona de forma un poco diferente, pero lo m\u00e1s probable es que empieces a sentir los efectos al cabo de una hora m\u00e1s o menos despu\u00e9s de haberlas tomado.<\/p>\n<p>&nbsp;<\/p>\n<p><strong>TENEMOS LAS MEJORES GOMITAS DE CBD<\/strong><\/p>\n<p>EXQUIS\u00ae es una marca de CBD l\u00edder en la industria dedicada a ofrecerte m\u00e1s de tu CBD. Tanto si buscas m\u00e1s sabores, m\u00e1s CBD o m\u00e1s valor, nuestro objetivo es ofrecer variedades \u00fanicas de productos t\u00f3picos, comestibles y sublinguales para que puedas personalizar tu rutina perfecta de CBD para todo el cuerpo con los mejores productos del mercado.<\/p>\n<p>Nuestro enfoque en el cumplimiento de las normas nos diferencia de la industria. Utilizamos ingredientes de primera calidad y adoptamos un enfoque pr\u00e1ctico con la fabricaci\u00f3n interna utilizando las buenas pr\u00e1cticas de fabricaci\u00f3n actuales (cGMP). A lo largo de la producci\u00f3n, aplicamos extensas normas de control de calidad, que incluyen comprobaciones durante el proceso, pruebas de estabilidad y, por \u00faltimo, pruebas de productos acabados, a trav\u00e9s de laboratorios de terceros con certificaci\u00f3n ISO. En aras de la transparencia con nuestros clientes, publicaremos pronto los resultados en nuestra p\u00e1gina web. Tambi\u00e9n tenemos un equipo de atenci\u00f3n al cliente preparado para responder a cualquier pregunta que pueda tener sobre nuestros productos de CBD.<\/p>\n<p>&nbsp;<\/p>\n<p><strong>EXQUIS GOMITAS DE CBD<\/strong><\/p>\n<p>Todas las gomitas de CBD de EXQUIS no s\u00f3lo est\u00e1n formuladas y fabricadas internamente con c\u00e1\u00f1amo industrial y otros ingredientes de la m\u00e1s alta calidad, sino que tambi\u00e9n se someten a pruebas de laboratorio exhaustivas para garantizar su legalidad. Las gomitas de CBD EXQUIS de 100 unidades son legales a nivel federal en Estados Unidos y otros pa\u00edses como Costa Rica para comprar, vender y consumir. Fabricamos nuestros productos internamente, asegurando que cada lote contiene menos del 0,3% de THC &#8211; el l\u00edmite legal federal para los productos derivados del c\u00e1\u00f1amo. Adem\u00e1s, todos nuestros envases cumplen con la normativa vigente de la FDA.<\/p>\n","protected":false},"featured_media":525,"comment_status":"open","ping_status":"closed","template":"","meta":[],"product_cat":[44],"product_tag":[45],"class_list":["post-82","product","type-product","status-publish","has-post-thumbnail","hentry","product_cat-gomitas-de-cbd-costa-rica","product_tag-gomitas-de-cbd-costa-rica","product_shipping_class-envio-gratis"],"yoast_head":"<!-- This site is optimized with the Yoast SEO plugin v20.3 - https:\/\/yoast.com\/wordpress\/plugins\/seo\/ -->\n<title>Gomitas De CBD Costa Rica - CBD Costa Rica<\/title>\n<meta name=\"description\" content=\"Venta de gomitas de CBD marca Exquis en Costa Rica. Hechas de aceite 100% puro sin otros aceites o preservantes que le resten efectividad. Comprar es f\u00e1cil.\" \/>\n<meta name=\"robots\" content=\"index, follow, max-snippet:-1, max-image-preview:large, max-video-preview:-1\" \/>\n<link rel=\"canonical\" href=\"https:\/\/cbd.encostarica.org\/index.php\/product\/gomitas-de-cbd-costarica\/\" \/>\n<meta property=\"og:locale\" content=\"es_ES\" \/>\n<meta property=\"og:type\" content=\"article\" \/>\n<meta property=\"og:title\" content=\"Gomitas De CBD Costa Rica - CBD Costa Rica\" \/>\n<meta property=\"og:description\" content=\"Venta de gomitas de CBD marca Exquis en Costa Rica. Hechas de aceite 100% puro sin otros aceites o preservantes que le resten efectividad. Comprar es f\u00e1cil.\" \/>\n<meta property=\"og:url\" content=\"https:\/\/cbd.encostarica.org\/index.php\/product\/gomitas-de-cbd-costarica\/\" \/>\n<meta property=\"og:site_name\" content=\"CBD Costa Rica\" \/>\n<meta property=\"article:publisher\" content=\"https:\/\/facebook.com\/micbdcostarica\" \/>\n<meta property=\"article:modified_time\" content=\"2023-03-23T03:47:14+00:00\" \/>\n<meta property=\"og:image\" content=\"https:\/\/cbd.encostarica.org\/wp-content\/uploads\/2020\/09\/gomitas-de-cbd-marca-exquis.png\" \/>\n\t<meta property=\"og:image:width\" content=\"1080\" \/>\n\t<meta property=\"og:image:height\" content=\"1080\" \/>\n\t<meta property=\"og:image:type\" content=\"image\/png\" \/>\n<meta name=\"twitter:card\" content=\"summary_large_image\" \/>\n<script type=\"application\/ld+json\" class=\"yoast-schema-graph\">{\"@context\":\"https:\/\/schema.org\",\"@graph\":[{\"@type\":\"WebPage\",\"@id\":\"https:\/\/cbd.encostarica.org\/index.php\/product\/gomitas-de-cbd-costarica\/\",\"url\":\"https:\/\/cbd.encostarica.org\/index.php\/product\/gomitas-de-cbd-costarica\/\",\"name\":\"Gomitas De CBD Costa Rica - CBD Costa Rica\",\"isPartOf\":{\"@id\":\"https:\/\/cbd.encostarica.org\/#website\"},\"datePublished\":\"2020-09-23T15:33:53+00:00\",\"dateModified\":\"2023-03-23T03:47:14+00:00\",\"description\":\"Venta de gomitas de CBD marca Exquis en Costa Rica. Hechas de aceite 100% puro sin otros aceites o preservantes que le resten efectividad. Comprar es f\u00e1cil.\",\"breadcrumb\":{\"@id\":\"https:\/\/cbd.encostarica.org\/index.php\/product\/gomitas-de-cbd-costarica\/#breadcrumb\"},\"inLanguage\":\"es-CR\",\"potentialAction\":[{\"@type\":\"ReadAction\",\"target\":[\"https:\/\/cbd.encostarica.org\/index.php\/product\/gomitas-de-cbd-costarica\/\"]}]},{\"@type\":\"BreadcrumbList\",\"@id\":\"https:\/\/cbd.encostarica.org\/index.php\/product\/gomitas-de-cbd-costarica\/#breadcrumb\",\"itemListElement\":[{\"@type\":\"ListItem\",\"position\":1,\"name\":\"Portada\",\"item\":\"https:\/\/cbd.encostarica.org\/\"},{\"@type\":\"ListItem\",\"position\":2,\"name\":\"Tienda\",\"item\":\"https:\/\/cbd.encostarica.org\/index.php\/tienda\/\"},{\"@type\":\"ListItem\",\"position\":3,\"name\":\"Gomitas De CBD Costa Rica\"}]},{\"@type\":\"WebSite\",\"@id\":\"https:\/\/cbd.encostarica.org\/#website\",\"url\":\"https:\/\/cbd.encostarica.org\/\",\"name\":\"CBD Costa Rica - Aceite de CBD Y Gomitas\",\"description\":\"Venta De CBD En Costa Rica Al Mejor Precio Y Calidad. Comprar Aceite, Gomitas y Roll-on. Importado De USA\",\"publisher\":{\"@id\":\"https:\/\/cbd.encostarica.org\/#organization\"},\"alternateName\":\"CBD Costa Rica Comprar\",\"potentialAction\":[{\"@type\":\"SearchAction\",\"target\":{\"@type\":\"EntryPoint\",\"urlTemplate\":\"https:\/\/cbd.encostarica.org\/?s={search_term_string}\"},\"query-input\":\"required name=search_term_string\"}],\"inLanguage\":\"es-CR\"},{\"@type\":\"Organization\",\"@id\":\"https:\/\/cbd.encostarica.org\/#organization\",\"name\":\"CBD Costa Rica - Aceite de CBD Y Gomitas\",\"alternateName\":\"CBD Costa Rica Comprar\",\"url\":\"https:\/\/cbd.encostarica.org\/\",\"logo\":{\"@type\":\"ImageObject\",\"inLanguage\":\"es-CR\",\"@id\":\"https:\/\/cbd.encostarica.org\/#\/schema\/logo\/image\/\",\"url\":\"https:\/\/cbd.encostarica.org\/wp-content\/uploads\/2022\/12\/logo-gris-final-pequeno.png\",\"contentUrl\":\"https:\/\/cbd.encostarica.org\/wp-content\/uploads\/2022\/12\/logo-gris-final-pequeno.png\",\"width\":200,\"height\":176,\"caption\":\"CBD Costa Rica - Aceite de CBD Y Gomitas\"},\"image\":{\"@id\":\"https:\/\/cbd.encostarica.org\/#\/schema\/logo\/image\/\"},\"sameAs\":[\"https:\/\/facebook.com\/micbdcostarica\",\"https:\/\/instagram.com\/micbdcostarica\",\"https:\/\/youtube.com\/@micbdcostarica\"]}]}<\/script>\n<!-- \/ Yoast SEO plugin. -->","yoast_head_json":{"title":"Gomitas De CBD Costa Rica - CBD Costa Rica","description":"Venta de gomitas de CBD marca Exquis en Costa Rica. Hechas de aceite 100% puro sin otros aceites o preservantes que le resten efectividad. Comprar es f\u00e1cil.","robots":{"index":"index","follow":"follow","max-snippet":"max-snippet:-1","max-image-preview":"max-image-preview:large","max-video-preview":"max-video-preview:-1"},"canonical":"https:\/\/cbd.encostarica.org\/index.php\/product\/gomitas-de-cbd-costarica\/","og_locale":"es_ES","og_type":"article","og_title":"Gomitas De CBD Costa Rica - CBD Costa Rica","og_description":"Venta de gomitas de CBD marca Exquis en Costa Rica. Hechas de aceite 100% puro sin otros aceites o preservantes que le resten efectividad. Comprar es f\u00e1cil.","og_url":"https:\/\/cbd.encostarica.org\/index.php\/product\/gomitas-de-cbd-costarica\/","og_site_name":"CBD Costa Rica","article_publisher":"https:\/\/facebook.com\/micbdcostarica","article_modified_time":"2023-03-23T03:47:14+00:00","og_image":[{"width":1080,"height":1080,"url":"https:\/\/cbd.encostarica.org\/wp-content\/uploads\/2020\/09\/gomitas-de-cbd-marca-exquis.png","type":"image\/png"}],"twitter_card":"summary_large_image","schema":{"@context":"https:\/\/schema.org","@graph":[{"@type":"WebPage","@id":"https:\/\/cbd.encostarica.org\/index.php\/product\/gomitas-de-cbd-costarica\/","url":"https:\/\/cbd.encostarica.org\/index.php\/product\/gomitas-de-cbd-costarica\/","name":"Gomitas De CBD Costa Rica - CBD Costa Rica","isPartOf":{"@id":"https:\/\/cbd.encostarica.org\/#website"},"datePublished":"2020-09-23T15:33:53+00:00","dateModified":"2023-03-23T03:47:14+00:00","description":"Venta de gomitas de CBD marca Exquis en Costa Rica. Hechas de aceite 100% puro sin otros aceites o preservantes que le resten efectividad. Comprar es f\u00e1cil.","breadcrumb":{"@id":"https:\/\/cbd.encostarica.org\/index.php\/product\/gomitas-de-cbd-costarica\/#breadcrumb"},"inLanguage":"es-CR","potentialAction":[{"@type":"ReadAction","target":["https:\/\/cbd.encostarica.org\/index.php\/product\/gomitas-de-cbd-costarica\/"]}]},{"@type":"BreadcrumbList","@id":"https:\/\/cbd.encostarica.org\/index.php\/product\/gomitas-de-cbd-costarica\/#breadcrumb","itemListElement":[{"@type":"ListItem","position":1,"name":"Portada","item":"https:\/\/cbd.encostarica.org\/"},{"@type":"ListItem","position":2,"name":"Tienda","item":"https:\/\/cbd.encostarica.org\/index.php\/tienda\/"},{"@type":"ListItem","position":3,"name":"Gomitas De CBD Costa Rica"}]},{"@type":"WebSite","@id":"https:\/\/cbd.encostarica.org\/#website","url":"https:\/\/cbd.encostarica.org\/","name":"CBD Costa Rica - Aceite de CBD Y Gomitas","description":"Venta De CBD En Costa Rica Al Mejor Precio Y Calidad. Comprar Aceite, Gomitas y Roll-on. Importado De USA","publisher":{"@id":"https:\/\/cbd.encostarica.org\/#organization"},"alternateName":"CBD Costa Rica Comprar","potentialAction":[{"@type":"SearchAction","target":{"@type":"EntryPoint","urlTemplate":"https:\/\/cbd.encostarica.org\/?s={search_term_string}"},"query-input":"required name=search_term_string"}],"inLanguage":"es-CR"},{"@type":"Organization","@id":"https:\/\/cbd.encostarica.org\/#organization","name":"CBD Costa Rica - Aceite de CBD Y Gomitas","alternateName":"CBD Costa Rica Comprar","url":"https:\/\/cbd.encostarica.org\/","logo":{"@type":"ImageObject","inLanguage":"es-CR","@id":"https:\/\/cbd.encostarica.org\/#\/schema\/logo\/image\/","url":"https:\/\/cbd.encostarica.org\/wp-content\/uploads\/2022\/12\/logo-gris-final-pequeno.png","contentUrl":"https:\/\/cbd.encostarica.org\/wp-content\/uploads\/2022\/12\/logo-gris-final-pequeno.png","width":200,"height":176,"caption":"CBD Costa Rica - Aceite de CBD Y Gomitas"},"image":{"@id":"https:\/\/cbd.encostarica.org\/#\/schema\/logo\/image\/"},"sameAs":["https:\/\/facebook.com\/micbdcostarica","https:\/\/instagram.com\/micbdcostarica","https:\/\/youtube.com\/@micbdcostarica"]}]}},"_links":{"self":[{"href":"https:\/\/cbd.encostarica.org\/index.php\/wp-json\/wp\/v2\/product\/82","targetHints":{"allow":["GET"]}}],"collection":[{"href":"https:\/\/cbd.encostarica.org\/index.php\/wp-json\/wp\/v2\/product"}],"about":[{"href":"https:\/\/cbd.encostarica.org\/index.php\/wp-json\/wp\/v2\/types\/product"}],"replies":[{"embeddable":true,"href":"https:\/\/cbd.encostarica.org\/index.php\/wp-json\/wp\/v2\/comments?post=82"}],"wp:featuredmedia":[{"embeddable":true,"href":"https:\/\/cbd.encostarica.org\/index.php\/wp-json\/wp\/v2\/media\/525"}],"wp:attachment":[{"href":"https:\/\/cbd.encostarica.org\/index.php\/wp-json\/wp\/v2\/media?parent=82"}],"wp:term":[{"taxonomy":"product_cat","embeddable":true,"href":"https:\/\/cbd.encostarica.org\/index.php\/wp-json\/wp\/v2\/product_cat?post=82"},{"taxonomy":"product_tag","embeddable":true,"href":"https:\/\/cbd.encostarica.org\/index.php\/wp-json\/wp\/v2\/product_tag?post=82"}],"curies":[{"name":"wp","href":"https:\/\/api.w.org\/{rel}","templated":true}]}}