{"id":121,"date":"2020-09-23T15:32:24","date_gmt":"2020-09-23T15:32:24","guid":{"rendered":"https:\/\/proteo.yithemes.com\/elementor-food\/?post_type=product&#038;p=121"},"modified":"2024-11-01T19:44:48","modified_gmt":"2024-11-01T19:44:48","slug":"rollon-cbd-costarica","status":"publish","type":"product","link":"https:\/\/cbd.encostarica.org\/index.php\/product\/rollon-cbd-costarica\/","title":{"rendered":"Roll-On CBD Costa Rica"},"content":{"rendered":"","protected":false},"excerpt":{"rendered":"<h2><span style=\"color: #008080;\">CREMA ROLL-ON DE CBD PREMIUM COSTA RICA<\/span><\/h2>\n<p>&nbsp;<\/p>\n<p><strong>DESCRIPCI\u00d3N<\/strong><\/p>\n<p>Experimenta el confort sobre la marcha con EXQUIS\u00ae paralizador de dolor CBD Roll-On. Con mentol y 200 mg de CBD de primera calidad, este gel t\u00f3pico alivia r\u00e1pidamente los dolores musculares y articulares. El aplicador sin complicaciones hace que sea f\u00e1cil de usar sin ensuciarse las manos &#8211; s\u00f3lo tienes que pasar el dedo y listo.<\/p>\n<p>Nuestra f\u00f3rmula exclusiva de mentol y 200 mg de CBD de primera calidad fomenta el confort diario.<\/p>\n<p>Informaci\u00f3n del producto:<br \/>\n&#8211; Envase roll-on de 3 onzas sin ensuciar<br \/>\n&#8211; 200mg de CBD por botella<br \/>\n&#8211; Probado por laboratorios independientes<br \/>\n&#8211; Hecho en Estados Unidos<\/p>\n<p>&nbsp;<\/p>\n<p><strong>DATOS DEL PRODUCTO<\/strong><\/p>\n<p>CBD por envase: 200mg<br \/>\nIngredientes activos: Mentol 4%.<br \/>\nOtros ingredientes: Agua, alcohol isoprop\u00edlico, carb\u00f3mero, trietanolamina, extracto puro de CBD<\/p>\n<p>&nbsp;<\/p>\n<p><strong>C\u00d3MO USAR EL ROLL-ON DE CBD DE EXQUIS\u00ae?<\/strong><\/p>\n<p>El Roll-On de Aceite de CBD es f\u00e1cil de usar. Recomendamos probar este producto en un peque\u00f1o trozo de piel antes de aplicarlo en las zonas afectadas para evitar la irritaci\u00f3n de la piel.<\/p>\n<p>Simplemente utilice el aplicador de bola de rodillo para frotar una fina capa de Pain Freeze en las \u00e1reas de malestar. Aunque este producto funciona bien cuando se aplica en cualquier momento, puede experimentar resultados m\u00e1s profundos cuando se utiliza sobre la piel limpia.<\/p>\n<p>Como sus manos no entran en contacto directo con el gel, no tiene que preocuparse de lavarse las manos despu\u00e9s de la aplicaci\u00f3n si no tiene acceso a un lavabo. Sin embargo, si decide masajear el producto para una penetraci\u00f3n m\u00e1s profunda, entonces debe lavarse las manos inmediatamente despu\u00e9s de su uso para evitar lesiones.<\/p>\n<p>&nbsp;<\/p>\n<p><strong>\u00bfPARA QU\u00c9 SE UTILIZA EL CBD ROLL-ON?<\/strong><\/p>\n<p>Al igual que nuestro CBD Pain Freeze tradicional, nuestro CBD Roll-On para el dolor puede utilizarse para el alivio temporal de los m\u00fasculos y las articulaciones. Gracias a su elegante dise\u00f1o, este producto funciona bien en cualquier lugar. Proporciona un alivio espec\u00edfico a los m\u00fasculos doloridos y cansados despu\u00e9s de un entrenamiento intenso, un largo d\u00eda de trabajo en el jard\u00edn y cualquier otra situaci\u00f3n que pueda causar molestias.<\/p>\n<p>&nbsp;<\/p>\n<p><strong>\u00bfCON QU\u00c9 FRECUENCIA SE PUEDE UTILIZAR UN ROLL-ON DE CBD PARA EL DOLOR?<\/strong><\/p>\n<p>Aconsejamos no utilizar este producto m\u00e1s de cuatro veces al d\u00eda. Afortunadamente, nuestro Roll-On de CBD ofrece resultados r\u00e1pidos y duraderos que pueden proporcionar confort durante horas. Puede utilizar este producto t\u00f3pico a lo largo del d\u00eda para aliviar el dolor o despu\u00e9s de per\u00edodos de inactividad en los que pueda sentir rigidez o dolor en las articulaciones.<\/p>\n<p>&nbsp;<\/p>\n<p><strong>\u00bfES LEGAL EL USO PARA EL DOLOR DE ESTE ROLL-ON DE CBD?<\/strong><\/p>\n<p>Todos los productos EXQUIS\u00ae contienen menos del 0,3% de THC y se consideran legales a nivel federal para su compra y uso en todos los Estados Unidos. Aunque todav\u00eda hay mucha confusi\u00f3n en torno a los productos de CBD que se consideran aceptables en algunos estados, los productos t\u00f3picos de CBD tienen el visto bueno en todo el pa\u00eds. Fabricamos nuestros productos internamente para garantizar que cumplen con las normativas federales y locales relativas a los productos de CBD derivados del c\u00e1\u00f1amo. Nuestro riguroso proceso incluye pruebas de la materia prima, controles durante el proceso y verificaci\u00f3n de los productos acabados, tanto en la propia empresa como en una instalaci\u00f3n de terceros con certificaci\u00f3n ISO. Como siempre, seguimos de cerca la legislaci\u00f3n en constante evoluci\u00f3n que rodea al CBD para asegurarnos de que seguimos cumpliendo la normativa y de que usted puede disfrutar de nuestros productos all\u00e1 donde vaya.<\/p>\n<p>&nbsp;<\/p>\n<p><strong>\u00bfPORQU\u00c9 EXQUIS CBD PARALIZADOR DE DOLOR EN ROLL-ON?<\/strong><\/p>\n<p>Nuestro CBD paralizador de dolor es uno de nuestros productos m\u00e1s vendidos por una raz\u00f3n: Realmente alivia los dolores musculares y de las articulaciones. As\u00ed que creamos nuestro Roll-On de Aceite de CBD para facilitar el uso de este producto, sin sacrificar nuestra f\u00f3rmula caracter\u00edstica. No s\u00f3lo proporciona resultados r\u00e1pidos y eficaces, sino que adem\u00e1s proviene de una empresa de CBD de confianza.<\/p>\n<p>Con EXQUIS, nunca tendr\u00e1 que preguntarse c\u00f3mo o d\u00f3nde se ha fabricado el producto, ya que nos abastecemos de c\u00e1\u00f1amo de granjas norteamericanas y completamos el proceso de fabricaci\u00f3n en nuestras propias instalaciones. Cada lote de productos se somete a pruebas de laboratorio de varias etapas para garantizar la consistencia y la calidad, y pronto publicaremos los resultados para su referencia. Como empresa, nuestro objetivo es ofrecer siempre productos de primera calidad para su comodidad, relajaci\u00f3n y bienestar general. Tanto si buscas aceite de CBD, gomitas de CBD o cualquier otro producto de CBD de primera calidad, a la hora de cuidar tu salud, aseg\u00farate de elegir EXQUIS, la marca de CBD que te da prioridad.<\/p>\n<p>Nori grape silver beet broccoli kombu beet greens fava bean potato quandong celery. Bunya nuts black-eyed pea prairie turnip leek lentil turnip greens parsnip. Sea lettuce lettuce water chestnut eggplant winter purslane fennel azuki bean earthnut pea sierra leone bologi leek soko chicory celtuce parsley j\u00ef\u00bf\u00bdcama salsify.<\/p>\n","protected":false},"featured_media":524,"comment_status":"open","ping_status":"closed","template":"","meta":[],"product_cat":[46],"product_tag":[47],"class_list":["post-121","product","type-product","status-publish","has-post-thumbnail","hentry","product_cat-roll-on-cbd-costa-rica","product_tag-roll-on-cbd-costa-rica","product_shipping_class-envio-gratis"],"yoast_head":"<!-- This site is optimized with the Yoast SEO plugin v20.3 - https:\/\/yoast.com\/wordpress\/plugins\/seo\/ -->\n<title>Roll-On CBD Costa Rica - CBD Costa Rica<\/title>\n<meta name=\"description\" content=\"Venta de crema en roll-on de CBD marca Exquis en Costa Rica. Con aceite 100% puro sin otros preservantes que le resten efectividad. Comprar es f\u00e1cil.\" \/>\n<meta name=\"robots\" content=\"index, follow, max-snippet:-1, max-image-preview:large, max-video-preview:-1\" \/>\n<link rel=\"canonical\" href=\"https:\/\/cbd.encostarica.org\/index.php\/product\/rollon-cbd-costarica\/\" \/>\n<meta property=\"og:locale\" content=\"es_ES\" \/>\n<meta property=\"og:type\" content=\"article\" \/>\n<meta property=\"og:title\" content=\"Roll-On CBD Costa Rica - CBD Costa Rica\" \/>\n<meta property=\"og:description\" content=\"Venta de crema en roll-on de CBD marca Exquis en Costa Rica. Con aceite 100% puro sin otros preservantes que le resten efectividad. Comprar es f\u00e1cil.\" \/>\n<meta property=\"og:url\" content=\"https:\/\/cbd.encostarica.org\/index.php\/product\/rollon-cbd-costarica\/\" \/>\n<meta property=\"og:site_name\" content=\"CBD Costa Rica\" \/>\n<meta property=\"article:publisher\" content=\"https:\/\/facebook.com\/micbdcostarica\" \/>\n<meta property=\"article:modified_time\" content=\"2024-11-01T19:44:48+00:00\" \/>\n<meta property=\"og:image\" content=\"https:\/\/cbd.encostarica.org\/wp-content\/uploads\/2020\/09\/roll-on-de-cbd-marca-exquis.png\" \/>\n\t<meta property=\"og:image:width\" content=\"1080\" \/>\n\t<meta property=\"og:image:height\" content=\"1080\" \/>\n\t<meta property=\"og:image:type\" content=\"image\/png\" \/>\n<meta name=\"twitter:card\" content=\"summary_large_image\" \/>\n<script type=\"application\/ld+json\" class=\"yoast-schema-graph\">{\"@context\":\"https:\/\/schema.org\",\"@graph\":[{\"@type\":\"WebPage\",\"@id\":\"https:\/\/cbd.encostarica.org\/index.php\/product\/rollon-cbd-costarica\/\",\"url\":\"https:\/\/cbd.encostarica.org\/index.php\/product\/rollon-cbd-costarica\/\",\"name\":\"Roll-On CBD Costa Rica - CBD Costa Rica\",\"isPartOf\":{\"@id\":\"https:\/\/cbd.encostarica.org\/#website\"},\"datePublished\":\"2020-09-23T15:32:24+00:00\",\"dateModified\":\"2024-11-01T19:44:48+00:00\",\"description\":\"Venta de crema en roll-on de CBD marca Exquis en Costa Rica. Con aceite 100% puro sin otros preservantes que le resten efectividad. Comprar es f\u00e1cil.\",\"breadcrumb\":{\"@id\":\"https:\/\/cbd.encostarica.org\/index.php\/product\/rollon-cbd-costarica\/#breadcrumb\"},\"inLanguage\":\"es-CR\",\"potentialAction\":[{\"@type\":\"ReadAction\",\"target\":[\"https:\/\/cbd.encostarica.org\/index.php\/product\/rollon-cbd-costarica\/\"]}]},{\"@type\":\"BreadcrumbList\",\"@id\":\"https:\/\/cbd.encostarica.org\/index.php\/product\/rollon-cbd-costarica\/#breadcrumb\",\"itemListElement\":[{\"@type\":\"ListItem\",\"position\":1,\"name\":\"Portada\",\"item\":\"https:\/\/cbd.encostarica.org\/\"},{\"@type\":\"ListItem\",\"position\":2,\"name\":\"Tienda\",\"item\":\"https:\/\/cbd.encostarica.org\/index.php\/tienda\/\"},{\"@type\":\"ListItem\",\"position\":3,\"name\":\"Roll-On CBD Costa Rica\"}]},{\"@type\":\"WebSite\",\"@id\":\"https:\/\/cbd.encostarica.org\/#website\",\"url\":\"https:\/\/cbd.encostarica.org\/\",\"name\":\"CBD Costa Rica - Aceite de CBD Y Gomitas\",\"description\":\"Venta De CBD En Costa Rica Al Mejor Precio Y Calidad. Comprar Aceite, Gomitas y Roll-on. Importado De USA\",\"publisher\":{\"@id\":\"https:\/\/cbd.encostarica.org\/#organization\"},\"alternateName\":\"CBD Costa Rica Comprar\",\"potentialAction\":[{\"@type\":\"SearchAction\",\"target\":{\"@type\":\"EntryPoint\",\"urlTemplate\":\"https:\/\/cbd.encostarica.org\/?s={search_term_string}\"},\"query-input\":\"required name=search_term_string\"}],\"inLanguage\":\"es-CR\"},{\"@type\":\"Organization\",\"@id\":\"https:\/\/cbd.encostarica.org\/#organization\",\"name\":\"CBD Costa Rica - Aceite de CBD Y Gomitas\",\"alternateName\":\"CBD Costa Rica Comprar\",\"url\":\"https:\/\/cbd.encostarica.org\/\",\"logo\":{\"@type\":\"ImageObject\",\"inLanguage\":\"es-CR\",\"@id\":\"https:\/\/cbd.encostarica.org\/#\/schema\/logo\/image\/\",\"url\":\"https:\/\/cbd.encostarica.org\/wp-content\/uploads\/2022\/12\/logo-gris-final-pequeno.png\",\"contentUrl\":\"https:\/\/cbd.encostarica.org\/wp-content\/uploads\/2022\/12\/logo-gris-final-pequeno.png\",\"width\":200,\"height\":176,\"caption\":\"CBD Costa Rica - Aceite de CBD Y Gomitas\"},\"image\":{\"@id\":\"https:\/\/cbd.encostarica.org\/#\/schema\/logo\/image\/\"},\"sameAs\":[\"https:\/\/facebook.com\/micbdcostarica\",\"https:\/\/instagram.com\/micbdcostarica\",\"https:\/\/youtube.com\/@micbdcostarica\"]}]}<\/script>\n<!-- \/ Yoast SEO plugin. -->","yoast_head_json":{"title":"Roll-On CBD Costa Rica - CBD Costa Rica","description":"Venta de crema en roll-on de CBD marca Exquis en Costa Rica. Con aceite 100% puro sin otros preservantes que le resten efectividad. Comprar es f\u00e1cil.","robots":{"index":"index","follow":"follow","max-snippet":"max-snippet:-1","max-image-preview":"max-image-preview:large","max-video-preview":"max-video-preview:-1"},"canonical":"https:\/\/cbd.encostarica.org\/index.php\/product\/rollon-cbd-costarica\/","og_locale":"es_ES","og_type":"article","og_title":"Roll-On CBD Costa Rica - CBD Costa Rica","og_description":"Venta de crema en roll-on de CBD marca Exquis en Costa Rica. Con aceite 100% puro sin otros preservantes que le resten efectividad. Comprar es f\u00e1cil.","og_url":"https:\/\/cbd.encostarica.org\/index.php\/product\/rollon-cbd-costarica\/","og_site_name":"CBD Costa Rica","article_publisher":"https:\/\/facebook.com\/micbdcostarica","article_modified_time":"2024-11-01T19:44:48+00:00","og_image":[{"width":1080,"height":1080,"url":"https:\/\/cbd.encostarica.org\/wp-content\/uploads\/2020\/09\/roll-on-de-cbd-marca-exquis.png","type":"image\/png"}],"twitter_card":"summary_large_image","schema":{"@context":"https:\/\/schema.org","@graph":[{"@type":"WebPage","@id":"https:\/\/cbd.encostarica.org\/index.php\/product\/rollon-cbd-costarica\/","url":"https:\/\/cbd.encostarica.org\/index.php\/product\/rollon-cbd-costarica\/","name":"Roll-On CBD Costa Rica - CBD Costa Rica","isPartOf":{"@id":"https:\/\/cbd.encostarica.org\/#website"},"datePublished":"2020-09-23T15:32:24+00:00","dateModified":"2024-11-01T19:44:48+00:00","description":"Venta de crema en roll-on de CBD marca Exquis en Costa Rica. Con aceite 100% puro sin otros preservantes que le resten efectividad. Comprar es f\u00e1cil.","breadcrumb":{"@id":"https:\/\/cbd.encostarica.org\/index.php\/product\/rollon-cbd-costarica\/#breadcrumb"},"inLanguage":"es-CR","potentialAction":[{"@type":"ReadAction","target":["https:\/\/cbd.encostarica.org\/index.php\/product\/rollon-cbd-costarica\/"]}]},{"@type":"BreadcrumbList","@id":"https:\/\/cbd.encostarica.org\/index.php\/product\/rollon-cbd-costarica\/#breadcrumb","itemListElement":[{"@type":"ListItem","position":1,"name":"Portada","item":"https:\/\/cbd.encostarica.org\/"},{"@type":"ListItem","position":2,"name":"Tienda","item":"https:\/\/cbd.encostarica.org\/index.php\/tienda\/"},{"@type":"ListItem","position":3,"name":"Roll-On CBD Costa Rica"}]},{"@type":"WebSite","@id":"https:\/\/cbd.encostarica.org\/#website","url":"https:\/\/cbd.encostarica.org\/","name":"CBD Costa Rica - Aceite de CBD Y Gomitas","description":"Venta De CBD En Costa Rica Al Mejor Precio Y Calidad. Comprar Aceite, Gomitas y Roll-on. Importado De USA","publisher":{"@id":"https:\/\/cbd.encostarica.org\/#organization"},"alternateName":"CBD Costa Rica Comprar","potentialAction":[{"@type":"SearchAction","target":{"@type":"EntryPoint","urlTemplate":"https:\/\/cbd.encostarica.org\/?s={search_term_string}"},"query-input":"required name=search_term_string"}],"inLanguage":"es-CR"},{"@type":"Organization","@id":"https:\/\/cbd.encostarica.org\/#organization","name":"CBD Costa Rica - Aceite de CBD Y Gomitas","alternateName":"CBD Costa Rica Comprar","url":"https:\/\/cbd.encostarica.org\/","logo":{"@type":"ImageObject","inLanguage":"es-CR","@id":"https:\/\/cbd.encostarica.org\/#\/schema\/logo\/image\/","url":"https:\/\/cbd.encostarica.org\/wp-content\/uploads\/2022\/12\/logo-gris-final-pequeno.png","contentUrl":"https:\/\/cbd.encostarica.org\/wp-content\/uploads\/2022\/12\/logo-gris-final-pequeno.png","width":200,"height":176,"caption":"CBD Costa Rica - Aceite de CBD Y Gomitas"},"image":{"@id":"https:\/\/cbd.encostarica.org\/#\/schema\/logo\/image\/"},"sameAs":["https:\/\/facebook.com\/micbdcostarica","https:\/\/instagram.com\/micbdcostarica","https:\/\/youtube.com\/@micbdcostarica"]}]}},"_links":{"self":[{"href":"https:\/\/cbd.encostarica.org\/index.php\/wp-json\/wp\/v2\/product\/121","targetHints":{"allow":["GET"]}}],"collection":[{"href":"https:\/\/cbd.encostarica.org\/index.php\/wp-json\/wp\/v2\/product"}],"about":[{"href":"https:\/\/cbd.encostarica.org\/index.php\/wp-json\/wp\/v2\/types\/product"}],"replies":[{"embeddable":true,"href":"https:\/\/cbd.encostarica.org\/index.php\/wp-json\/wp\/v2\/comments?post=121"}],"wp:featuredmedia":[{"embeddable":true,"href":"https:\/\/cbd.encostarica.org\/index.php\/wp-json\/wp\/v2\/media\/524"}],"wp:attachment":[{"href":"https:\/\/cbd.encostarica.org\/index.php\/wp-json\/wp\/v2\/media?parent=121"}],"wp:term":[{"taxonomy":"product_cat","embeddable":true,"href":"https:\/\/cbd.encostarica.org\/index.php\/wp-json\/wp\/v2\/product_cat?post=121"},{"taxonomy":"product_tag","embeddable":true,"href":"https:\/\/cbd.encostarica.org\/index.php\/wp-json\/wp\/v2\/product_tag?post=121"}],"curies":[{"name":"wp","href":"https:\/\/api.w.org\/{rel}","templated":true}]}}