{"id":113,"date":"2020-09-23T15:34:49","date_gmt":"2020-09-23T15:34:49","guid":{"rendered":"https:\/\/proteo.yithemes.com\/elementor-food\/?post_type=product&#038;p=113"},"modified":"2026-04-03T21:00:36","modified_gmt":"2026-04-03T21:00:36","slug":"aceite-de-cbd-costarica","status":"publish","type":"product","link":"https:\/\/cbd.encostarica.org\/index.php\/product\/aceite-de-cbd-costarica\/","title":{"rendered":"Aceite CBD Costa Rica"},"content":{"rendered":"<p>&nbsp;<\/p>\n<p>&nbsp;<\/p>\n","protected":false},"excerpt":{"rendered":"<h2><span style=\"color: #008080;\">ACEITE CBD PREMIUM EN COSTA RICA<\/span><\/h2>\n<p><strong>DESCRIPCI\u00d3N<\/strong><\/p>\n<p>El Aceite de CBD de 1000 mg ofrece porciones moderadas de CBD para apoyar tu bienestar diario.<\/p>\n<p>Tomado por v\u00eda sublingual o a\u00f1adido a tus bebidas y recetas favoritas, nuestra Tintura de CBD 1000mg ofrece el potencial terap\u00e9utico de la planta de c\u00e1\u00f1amo de la mejor manera para ti.<\/p>\n<p>Informaci\u00f3n del producto<br \/>\n&#8211; Un frasco de 30 ml de Aceite de CBD<br \/>\n&#8211; 1000mg de CBD por botellita (33.3 mg de CBD por porci\u00f3n)<br \/>\n&#8211; Probado por laboratorios independientes<br \/>\n&#8211; Hecho en Estados Unidos<\/p>\n<p>El Aceite de CBD EXQUIS 1000 mg es un producto en el que puedes confiar, con ingredientes de calidad y procesos de fabricaci\u00f3n propios y fiables. Procedente de granjas norteamericanas y de fabricaci\u00f3n propia, este producto se somete a rigurosas pruebas durante m\u00faltiples etapas y es verificado por laboratorios acreditados para garantizar su calidad.<\/p>\n<p>&nbsp;<\/p>\n<p><strong>DATOS DEL SUPLEMENTO<\/strong><\/p>\n<p>Tama\u00f1o del frasco: 30 ml<br \/>\nTama\u00f1o de la porci\u00f3n: 1 gotero lleno (1 ml)<br \/>\nCBD por dosis: 33.3 mg<br \/>\nPorciones por envase: 30<br \/>\nIngredientes: Extracto puro de CBD sin aditivos ni otros aceites<\/p>\n<p><strong>\u00bfC\u00d3MO SE TOMA EL ACEITE DE CBD?<\/strong><\/p>\n<p>Por lo general, la gente toma el aceite de CBD por v\u00eda sublingual, o bajo la lengua. Coloque las gotas bajo la lengua y mant\u00e9ngalas all\u00ed durante un minuto para permitir que el CBD se absorba en el torrente sangu\u00edneo &#8211; trague el aceite restante.<\/p>\n<p>El Aceite de CBD de 1000 mg, o Tintura de CBD, representa uno de los productos m\u00e1s sencillos disponibles en el mercado, que suele consistir en un aceite portador, un aromatizante y CBD. Los ingredientes m\u00ednimos te dan la versatilidad de usar el Aceite de CBD de varias maneras, incluyendo en tus recetas de comida y bebida favoritas, batidos, mascarillas, exfoliantes corporales y m\u00e1s para experimentar el bienestar en todos los aspectos de la vida.<\/p>\n<p>&nbsp;<\/p>\n<p><strong>\u00bfCU\u00c1NTO ACEITE DE CBD DEBO TOMAR?<\/strong><\/p>\n<p>El CBD afecta a cada persona de forma diferente, y no hay pautas de consumo establecidas para este compuesto. Como regla general, querr\u00e1 empezar con una peque\u00f1a porci\u00f3n, como 10 a 15 miligramos (medio gotero), y luego aumentar gradualmente su consumo hasta alcanzar los resultados deseados.<\/p>\n<p>Aunque la potencia de nuestros productos var\u00eda, recomendamos entre \u00bd &#8211; 1 gotero de aceite a menos que se indique lo contrario. Factores como la edad, el sexo y el peso influyen en el metabolismo del CBD en el cuerpo. Lo mejor es que hable con su m\u00e9dico sobre las pautas de consumo, especialmente si est\u00e1 tomando otros medicamentos.<\/p>\n<p>&nbsp;<\/p>\n<p><strong>\u00bfES LEGAL EL ACEITE DE CBD?<\/strong><\/p>\n<p>S\u00ed, el aceite de CBD que contiene menos del 0,3% de THC es legal para consumir y distribuir tanto en USA como en Costa Rica. En cumplimiento de la Ley Agr\u00edcola Federal de 2018 de los Estados Unidos, el Aceite de CBD de EXQUIS se fabrica a partir de las partes &#8220;legales&#8221; del C\u00e1\u00f1amo Industrial, incluyendo los tallos de la planta.<\/p>\n<p>El Aceite de CBD EXQUIS 1000 mg se somete a pruebas exhaustivas tanto in situ como a trav\u00e9s de laboratorios de terceros para garantizar que contiene menos del 0,3% de THC.<\/p>\n<p>&nbsp;<\/p>\n<p><strong>\u00bfEL ACEITE DE CBD ME DROGAR\u00c1?<\/strong><\/p>\n<p>No, el Aceite de CBD 1000 mg no te &#8220;drogar\u00e1&#8221;. Puede que sientas una relajaci\u00f3n calmante despu\u00e9s de tomar CBD, pero no porque est\u00e9s intoxicado o drogado. El THC es el compuesto de la marihuana responsable de los efectos psicoactivos, adictivos y todav\u00eda se considera ilegal en muchos pa\u00edses. Nuestro CBD derivado del c\u00e1\u00f1amo es un compuesto no psicoactivo que no causar\u00e1 intoxicaci\u00f3n de la forma en que si lo hace el THC.<\/p>\n<p>El contenido de THC en nuestros productos es el permitido en la mayor\u00eda de pa\u00edses seg\u00fan la legislaci\u00f3n, por lo que puedes estar seguro que al consumirlo no tendr\u00e1s ning\u00fan efecto secundario.<\/p>\n<p>&nbsp;<\/p>\n<p><strong>\u00bfPORQU\u00c9 ELEGIR LOS ACEITES DE CBD DE EXQUIS?<\/strong><\/p>\n<p>Los Aceites de CBD EXQUIS te dan m\u00e1s valor por miligramo. Nuestro objetivo es ofrecerte todo lo que necesitas para personalizar tu rutina de CBD. Nuestro objetivo es educar a nuestra base de clientes, para que puedan tomar decisiones de compra informadas.<\/p>\n<p>Utilizamos ingredientes puros, de primera calidad y controlamos toda la fabricaci\u00f3n de nuestros productos en nuestras instalaciones. Por \u00faltimo, probamos nuestros productos acabados y los enviamos a un laboratorio de terceros acreditado por la ISO para certificar su contenido y calidad. Nuestros profesionales de servicio de atenci\u00f3n al cliente, altamente capacitados, pueden ayudarle con cualquier pregunta o duda que pueda tener sobre nuestra l\u00ednea de productos. Tanto si buscas aceite de CBD, gomitas o roll-on de CBD, aseg\u00farate de elegir EXQUIS, la marca de <a href=\"https:\/\/cbd.encostarica.org\"><strong>CBD en Costa Rica<\/strong><\/a> que te da calidad pura y transparente.<\/p>\n<p>&nbsp;<\/p>\n","protected":false},"featured_media":523,"comment_status":"open","ping_status":"closed","template":"","meta":[],"product_cat":[42],"product_tag":[43,41],"class_list":["post-113","product","type-product","status-publish","has-post-thumbnail","hentry","product_cat-aceite-de-cbd","product_tag-aceite-de-cannabidiol-costa-rica","product_tag-aceite-de-cbd-costa-rica","product_shipping_class-envio-gratis"],"yoast_head":"<!-- This site is optimized with the Yoast SEO plugin v20.3 - https:\/\/yoast.com\/wordpress\/plugins\/seo\/ -->\n<title>Aceite CBD Costa Rica - CBD Costa Rica<\/title>\n<meta name=\"description\" content=\"Venta de aceite de CBD marca Exquis en Costa Rica. 100% puro sin otros aceites o preservantes que le restenefectividad. Comprar es f\u00e1cil.\" \/>\n<meta name=\"robots\" content=\"index, follow, max-snippet:-1, max-image-preview:large, max-video-preview:-1\" \/>\n<link rel=\"canonical\" href=\"https:\/\/cbd.encostarica.org\/index.php\/product\/aceite-de-cbd-costarica\/\" \/>\n<meta property=\"og:locale\" content=\"es_ES\" \/>\n<meta property=\"og:type\" content=\"article\" \/>\n<meta property=\"og:title\" content=\"Aceite CBD Costa Rica - CBD Costa Rica\" \/>\n<meta property=\"og:description\" content=\"Venta de aceite de CBD marca Exquis en Costa Rica. 100% puro sin otros aceites o preservantes que le restenefectividad. Comprar es f\u00e1cil.\" \/>\n<meta property=\"og:url\" content=\"https:\/\/cbd.encostarica.org\/index.php\/product\/aceite-de-cbd-costarica\/\" \/>\n<meta property=\"og:site_name\" content=\"CBD Costa Rica\" \/>\n<meta property=\"article:publisher\" content=\"https:\/\/facebook.com\/micbdcostarica\" \/>\n<meta property=\"article:modified_time\" content=\"2026-04-03T21:00:36+00:00\" \/>\n<meta property=\"og:image\" content=\"https:\/\/cbd.encostarica.org\/wp-content\/uploads\/2020\/09\/aceite-de-cbd-marca-exquis.png\" \/>\n\t<meta property=\"og:image:width\" content=\"1080\" \/>\n\t<meta property=\"og:image:height\" content=\"1080\" \/>\n\t<meta property=\"og:image:type\" content=\"image\/png\" \/>\n<meta name=\"twitter:card\" content=\"summary_large_image\" \/>\n<script type=\"application\/ld+json\" class=\"yoast-schema-graph\">{\"@context\":\"https:\/\/schema.org\",\"@graph\":[{\"@type\":\"WebPage\",\"@id\":\"https:\/\/cbd.encostarica.org\/index.php\/product\/aceite-de-cbd-costarica\/\",\"url\":\"https:\/\/cbd.encostarica.org\/index.php\/product\/aceite-de-cbd-costarica\/\",\"name\":\"Aceite CBD Costa Rica - CBD Costa Rica\",\"isPartOf\":{\"@id\":\"https:\/\/cbd.encostarica.org\/#website\"},\"datePublished\":\"2020-09-23T15:34:49+00:00\",\"dateModified\":\"2026-04-03T21:00:36+00:00\",\"description\":\"Venta de aceite de CBD marca Exquis en Costa Rica. 100% puro sin otros aceites o preservantes que le restenefectividad. Comprar es f\u00e1cil.\",\"breadcrumb\":{\"@id\":\"https:\/\/cbd.encostarica.org\/index.php\/product\/aceite-de-cbd-costarica\/#breadcrumb\"},\"inLanguage\":\"es-CR\",\"potentialAction\":[{\"@type\":\"ReadAction\",\"target\":[\"https:\/\/cbd.encostarica.org\/index.php\/product\/aceite-de-cbd-costarica\/\"]}]},{\"@type\":\"BreadcrumbList\",\"@id\":\"https:\/\/cbd.encostarica.org\/index.php\/product\/aceite-de-cbd-costarica\/#breadcrumb\",\"itemListElement\":[{\"@type\":\"ListItem\",\"position\":1,\"name\":\"Portada\",\"item\":\"https:\/\/cbd.encostarica.org\/\"},{\"@type\":\"ListItem\",\"position\":2,\"name\":\"Tienda\",\"item\":\"https:\/\/cbd.encostarica.org\/index.php\/tienda\/\"},{\"@type\":\"ListItem\",\"position\":3,\"name\":\"Aceite CBD Costa Rica\"}]},{\"@type\":\"WebSite\",\"@id\":\"https:\/\/cbd.encostarica.org\/#website\",\"url\":\"https:\/\/cbd.encostarica.org\/\",\"name\":\"CBD Costa Rica - Aceite de CBD Y Gomitas\",\"description\":\"Venta De CBD En Costa Rica Al Mejor Precio Y Calidad. Comprar Aceite, Gomitas y Roll-on. Importado De USA\",\"publisher\":{\"@id\":\"https:\/\/cbd.encostarica.org\/#organization\"},\"alternateName\":\"CBD Costa Rica Comprar\",\"potentialAction\":[{\"@type\":\"SearchAction\",\"target\":{\"@type\":\"EntryPoint\",\"urlTemplate\":\"https:\/\/cbd.encostarica.org\/?s={search_term_string}\"},\"query-input\":\"required name=search_term_string\"}],\"inLanguage\":\"es-CR\"},{\"@type\":\"Organization\",\"@id\":\"https:\/\/cbd.encostarica.org\/#organization\",\"name\":\"CBD Costa Rica - Aceite de CBD Y Gomitas\",\"alternateName\":\"CBD Costa Rica Comprar\",\"url\":\"https:\/\/cbd.encostarica.org\/\",\"logo\":{\"@type\":\"ImageObject\",\"inLanguage\":\"es-CR\",\"@id\":\"https:\/\/cbd.encostarica.org\/#\/schema\/logo\/image\/\",\"url\":\"https:\/\/cbd.encostarica.org\/wp-content\/uploads\/2022\/12\/logo-gris-final-pequeno.png\",\"contentUrl\":\"https:\/\/cbd.encostarica.org\/wp-content\/uploads\/2022\/12\/logo-gris-final-pequeno.png\",\"width\":200,\"height\":176,\"caption\":\"CBD Costa Rica - Aceite de CBD Y Gomitas\"},\"image\":{\"@id\":\"https:\/\/cbd.encostarica.org\/#\/schema\/logo\/image\/\"},\"sameAs\":[\"https:\/\/facebook.com\/micbdcostarica\",\"https:\/\/instagram.com\/micbdcostarica\",\"https:\/\/youtube.com\/@micbdcostarica\"]}]}<\/script>\n<!-- \/ Yoast SEO plugin. -->","yoast_head_json":{"title":"Aceite CBD Costa Rica - CBD Costa Rica","description":"Venta de aceite de CBD marca Exquis en Costa Rica. 100% puro sin otros aceites o preservantes que le restenefectividad. Comprar es f\u00e1cil.","robots":{"index":"index","follow":"follow","max-snippet":"max-snippet:-1","max-image-preview":"max-image-preview:large","max-video-preview":"max-video-preview:-1"},"canonical":"https:\/\/cbd.encostarica.org\/index.php\/product\/aceite-de-cbd-costarica\/","og_locale":"es_ES","og_type":"article","og_title":"Aceite CBD Costa Rica - CBD Costa Rica","og_description":"Venta de aceite de CBD marca Exquis en Costa Rica. 100% puro sin otros aceites o preservantes que le restenefectividad. Comprar es f\u00e1cil.","og_url":"https:\/\/cbd.encostarica.org\/index.php\/product\/aceite-de-cbd-costarica\/","og_site_name":"CBD Costa Rica","article_publisher":"https:\/\/facebook.com\/micbdcostarica","article_modified_time":"2026-04-03T21:00:36+00:00","og_image":[{"width":1080,"height":1080,"url":"https:\/\/cbd.encostarica.org\/wp-content\/uploads\/2020\/09\/aceite-de-cbd-marca-exquis.png","type":"image\/png"}],"twitter_card":"summary_large_image","schema":{"@context":"https:\/\/schema.org","@graph":[{"@type":"WebPage","@id":"https:\/\/cbd.encostarica.org\/index.php\/product\/aceite-de-cbd-costarica\/","url":"https:\/\/cbd.encostarica.org\/index.php\/product\/aceite-de-cbd-costarica\/","name":"Aceite CBD Costa Rica - CBD Costa Rica","isPartOf":{"@id":"https:\/\/cbd.encostarica.org\/#website"},"datePublished":"2020-09-23T15:34:49+00:00","dateModified":"2026-04-03T21:00:36+00:00","description":"Venta de aceite de CBD marca Exquis en Costa Rica. 100% puro sin otros aceites o preservantes que le restenefectividad. Comprar es f\u00e1cil.","breadcrumb":{"@id":"https:\/\/cbd.encostarica.org\/index.php\/product\/aceite-de-cbd-costarica\/#breadcrumb"},"inLanguage":"es-CR","potentialAction":[{"@type":"ReadAction","target":["https:\/\/cbd.encostarica.org\/index.php\/product\/aceite-de-cbd-costarica\/"]}]},{"@type":"BreadcrumbList","@id":"https:\/\/cbd.encostarica.org\/index.php\/product\/aceite-de-cbd-costarica\/#breadcrumb","itemListElement":[{"@type":"ListItem","position":1,"name":"Portada","item":"https:\/\/cbd.encostarica.org\/"},{"@type":"ListItem","position":2,"name":"Tienda","item":"https:\/\/cbd.encostarica.org\/index.php\/tienda\/"},{"@type":"ListItem","position":3,"name":"Aceite CBD Costa Rica"}]},{"@type":"WebSite","@id":"https:\/\/cbd.encostarica.org\/#website","url":"https:\/\/cbd.encostarica.org\/","name":"CBD Costa Rica - Aceite de CBD Y Gomitas","description":"Venta De CBD En Costa Rica Al Mejor Precio Y Calidad. Comprar Aceite, Gomitas y Roll-on. Importado De USA","publisher":{"@id":"https:\/\/cbd.encostarica.org\/#organization"},"alternateName":"CBD Costa Rica Comprar","potentialAction":[{"@type":"SearchAction","target":{"@type":"EntryPoint","urlTemplate":"https:\/\/cbd.encostarica.org\/?s={search_term_string}"},"query-input":"required name=search_term_string"}],"inLanguage":"es-CR"},{"@type":"Organization","@id":"https:\/\/cbd.encostarica.org\/#organization","name":"CBD Costa Rica - Aceite de CBD Y Gomitas","alternateName":"CBD Costa Rica Comprar","url":"https:\/\/cbd.encostarica.org\/","logo":{"@type":"ImageObject","inLanguage":"es-CR","@id":"https:\/\/cbd.encostarica.org\/#\/schema\/logo\/image\/","url":"https:\/\/cbd.encostarica.org\/wp-content\/uploads\/2022\/12\/logo-gris-final-pequeno.png","contentUrl":"https:\/\/cbd.encostarica.org\/wp-content\/uploads\/2022\/12\/logo-gris-final-pequeno.png","width":200,"height":176,"caption":"CBD Costa Rica - Aceite de CBD Y Gomitas"},"image":{"@id":"https:\/\/cbd.encostarica.org\/#\/schema\/logo\/image\/"},"sameAs":["https:\/\/facebook.com\/micbdcostarica","https:\/\/instagram.com\/micbdcostarica","https:\/\/youtube.com\/@micbdcostarica"]}]}},"_links":{"self":[{"href":"https:\/\/cbd.encostarica.org\/index.php\/wp-json\/wp\/v2\/product\/113","targetHints":{"allow":["GET"]}}],"collection":[{"href":"https:\/\/cbd.encostarica.org\/index.php\/wp-json\/wp\/v2\/product"}],"about":[{"href":"https:\/\/cbd.encostarica.org\/index.php\/wp-json\/wp\/v2\/types\/product"}],"replies":[{"embeddable":true,"href":"https:\/\/cbd.encostarica.org\/index.php\/wp-json\/wp\/v2\/comments?post=113"}],"wp:featuredmedia":[{"embeddable":true,"href":"https:\/\/cbd.encostarica.org\/index.php\/wp-json\/wp\/v2\/media\/523"}],"wp:attachment":[{"href":"https:\/\/cbd.encostarica.org\/index.php\/wp-json\/wp\/v2\/media?parent=113"}],"wp:term":[{"taxonomy":"product_cat","embeddable":true,"href":"https:\/\/cbd.encostarica.org\/index.php\/wp-json\/wp\/v2\/product_cat?post=113"},{"taxonomy":"product_tag","embeddable":true,"href":"https:\/\/cbd.encostarica.org\/index.php\/wp-json\/wp\/v2\/product_tag?post=113"}],"curies":[{"name":"wp","href":"https:\/\/api.w.org\/{rel}","templated":true}]}}