{"id":445,"date":"2023-03-22T21:32:12","date_gmt":"2023-03-22T21:32:12","guid":{"rendered":"https:\/\/proteo.yithemes.com\/elementor-food\/?page_id=445"},"modified":"2023-03-22T21:32:13","modified_gmt":"2023-03-22T21:32:13","slug":"terminos_y_condiciones","status":"publish","type":"page","link":"https:\/\/cbd.encostarica.org\/index.php\/terminos_y_condiciones\/","title":{"rendered":"T\u00e9rminos Y Condiciones"},"content":{"rendered":"\n<p class=\"has-medium-font-size\"><strong>Env\u00edo<\/strong><\/p>\n\n\n\n<p class=\"has-medium-font-size\">El plazo de entrega previsto para los pedidos nacionales variar\u00e1 en funci\u00f3n de la ubicaci\u00f3n del lugar al que se env\u00ede el paquete, pero se recibir\u00e1 entre 1 y 5 d\u00edas laborables. Recibir\u00e1 un correo electr\u00f3nico o un mensaje de WhatsApp con la confirmaci\u00f3n del env\u00edo de su art\u00edculo.<\/p>\n\n\n\n<p><\/p>\n\n\n\n<p class=\"has-medium-font-size\"><strong>Registro<\/strong><\/p>\n\n\n\n<p class=\"has-medium-font-size\"><br>No es necesario que los clientes se registren para pedir productos. La \u00fanica informaci\u00f3n necesaria para realizar un pedido es su nombre, direcci\u00f3n, direcci\u00f3n de correo electr\u00f3nico, n\u00famero de tel\u00e9fono e informaci\u00f3n de pago. Su direcci\u00f3n de correo electr\u00f3nico o n\u00famero de WhatsApp s\u00f3lo se utilizar\u00e1 para enviar confirmaciones de pedidos y env\u00edos.<br>Toda la informaci\u00f3n que se introduce es propiedad exclusiva de CBD Costa Rica Exquis, y no ser\u00e1 vendida o distribuida, y s\u00f3lo se utiliza para procesar los pedidos y para el seguimiento de los clientes.<br>Los clientes reconocen que las llamadas telef\u00f3nicas de seguimiento pueden ser realizadas por representantes de la empresa o de terceros, as\u00ed como un servicio automatizado.<\/p>\n\n\n\n<p><\/p>\n\n\n\n<p class=\"has-medium-font-size\"><strong>Condiciones de venta y pedidos<\/strong><\/p>\n\n\n\n<p class=\"has-medium-font-size\"><br>Cuando realice un pedido, le solicitaremos determinados datos para poder tramitarlo de forma r\u00e1pida y eficaz. Adem\u00e1s de su nombre, direcci\u00f3n, direcci\u00f3n de correo electr\u00f3nico y n\u00famero de tel\u00e9fono, tambi\u00e9n necesitaremos sus datos de pago, como el n\u00famero de su tarjeta de cr\u00e9dito o d\u00e9bito en caso de que nuestro sitio web tenga estos m\u00e9todos de pago y usted como cliente acepte pagar por estos medios. Sus datos de contacto s\u00f3lo se utilizar\u00e1n en caso de que haya alg\u00fan problema con su pedido o si surge cualquier otra informaci\u00f3n importante que necesitemos transmitirle.<\/p>\n\n\n\n<p><\/p>\n\n\n\n<p class=\"has-medium-font-size\"><strong>Servicio de Atenci\u00f3n al Cliente<\/strong><\/p>\n\n\n\n<p class=\"has-medium-font-size\"><br>La informaci\u00f3n que nos proporcione se utilizar\u00e1 para enviarle correos electr\u00f3nicos de confirmaci\u00f3n de pedido y de confirmaci\u00f3n de env\u00edo. Las consultas del servicio de atenci\u00f3n al cliente se responder\u00e1n por correo electr\u00f3nico, por tel\u00e9fono \u00f3 WhatsApp, seg\u00fan el m\u00e9todo que prefiera. S\u00f3lo nos pondremos en contacto con usted en relaci\u00f3n con sus consultas o pedidos.<\/p>\n\n\n\n<p><\/p>\n\n\n\n<p class=\"has-medium-font-size\"><strong>Ofertas especiales<\/strong><\/p>\n\n\n\n<p class=\"has-medium-font-size\"><br>Peri\u00f3dicamente ofrecemos ofertas especiales o descuentos, que pueden enviarse por correo electr\u00f3nico o por WhatsApp. Respetamos su privacidad, por lo que si no est\u00e1 interesado en recibir ofertas especiales, puede darse de baja.<\/p>\n\n\n\n<p><\/p>\n\n\n\n<p class=\"has-medium-font-size\"><strong>Informaci\u00f3n personal<\/strong><\/p>\n\n\n\n<p class=\"has-medium-font-size\"><br>Su privacidad es importante para nosotros. La informaci\u00f3n personal que nos proporcione para realizar pedidos y\/o consultas no se vender\u00e1 ni compartir\u00e1 con terceros. Si su nombre, direcci\u00f3n, n\u00famero de tel\u00e9fono, direcci\u00f3n de correo electr\u00f3nico o informaci\u00f3n de pago cambia, o si simplemente ya no desea comprar nuestros suplementos, simplemente env\u00ede un correo electr\u00f3nico a atenci\u00f3n al cliente para hacerles saber cualquier cosa que deba ser corregida, desactivada o movida.<\/p>\n\n\n\n<p><\/p>\n\n\n\n<p class=\"has-medium-font-size\"><strong>Representante de Terceros<\/strong><\/p>\n\n\n\n<p class=\"has-medium-font-size\"><br>Empresas externas de env\u00edo se utilizan para entregar sus pedidos, tales como Correos De Costa Rica, entrega personal en el punto de acuerdo o mediante empresas de encomiendas. Se utiliza una empresa externa de procesamiento de tarjetas de cr\u00e9dito para procesar su informaci\u00f3n de pago de bienes y servicios. Estas empresas externas no comparten ni venden su informaci\u00f3n privada, y s\u00f3lo est\u00e1n autorizadas a utilizar su informaci\u00f3n privada para procesar y enviar los pedidos.<\/p>\n\n\n\n<p><\/p>\n\n\n\n<p class=\"has-medium-font-size\"><strong>Aviso legal<\/strong><\/p>\n\n\n\n<p class=\"has-medium-font-size\"><br>Cumpliremos con todas las fuerzas de seguridad, tribunales y otros sistemas judiciales de acuerdo con la ley, y nos reservamos el derecho a revelar cualquier dato privado a las entidades gubernamentales para cumplir con las partes mencionadas, siempre y cuando exista una orden judicial que as\u00ed nos lo exija.<\/p>\n\n\n\n<p><\/p>\n\n\n\n<p class=\"has-medium-font-size\"><strong>Archivos de registro<\/strong><\/p>\n\n\n\n<p class=\"has-medium-font-size\"><br>Como en la mayor\u00eda de los sitios web que visita, se recopilan y almacenan digitalmente ciertos archivos cuando entra o sale. Esta informaci\u00f3n no pertenece a la identidad de un individuo. Lo que se guarda es una direcci\u00f3n de Protocolo de Internet (IP), sistema operativo, tiempo en el sitio, patrones de clic, patrones de navegaci\u00f3n, edad de las personas que est\u00e1n en el sitio web y datos demogr\u00e1ficos, as\u00ed como h\u00e1bitos de compra basados en estos datos. Esta informaci\u00f3n se utiliza para analizar el tr\u00e1fico web y para terceros anunciantes.<\/p>\n\n\n\n<p class=\"has-medium-font-size\">Adem\u00e1s, tambi\u00e9n se recogen cookies. Se trata de un peque\u00f1o archivo de texto que se almacena con fines de registro y para hacer su experiencia m\u00e1s agradable. Por ejemplo, las cookies le permitir\u00e1n guardar la informaci\u00f3n de env\u00edo o pago para que no tenga que volver a introducirla varias veces. Este sitio web sigue siendo totalmente funcional incluso si las cookies est\u00e1n desactivadas.<\/p>\n\n\n\n<p class=\"has-medium-font-size\">Esta declaraci\u00f3n cubre \u00fanicamente a este sitio web, y no se aplica a anunciantes o empresas de terceros.<\/p>\n\n\n\n<p><\/p>\n\n\n\n<p class=\"has-medium-font-size\"><strong>Seguridad<\/strong><\/p>\n\n\n\n<p class=\"has-medium-font-size\"><br>La seguridad de su informaci\u00f3n personal es primordial para nosotros. Cuando sus pedidos son procesados, y la informaci\u00f3n de pago es enviada, es encriptada con tecnolog\u00eda de capa de conexi\u00f3n segura (SSL) para asegurar que no sea hackeada o interceptada por partes maliciosas.<\/p>\n\n\n\n<p><\/p>\n\n\n\n<p class=\"has-medium-font-size\"><strong>Exclusi\u00f3n voluntaria<\/strong><\/p>\n\n\n\n<p class=\"has-medium-font-size\"><br>Le damos la oportunidad de optar por no recibir nuestros correos electr\u00f3nicos o boletines informativos. Por ejemplo, si ha comprado un producto y no desea recibir correspondencia en el futuro sobre descuentos, ofertas especiales o material de marketing, puede darse de baja de nuestra base de datos.<\/p>\n\n\n\n<p class=\"has-medium-font-size\">Adem\u00e1s, si desea recibir material promocional o de marketing despu\u00e9s de haberse dado de baja, puede enviar un correo electr\u00f3nico al servicio de atenci\u00f3n al cliente indicando que desea hacerlo.<\/p>\n\n\n\n<p><\/p>\n\n\n\n<p class=\"has-medium-font-size\"><strong>Transiciones comerciales<\/strong><\/p>\n\n\n\n<p class=\"has-medium-font-size\"><br>En el caso de que CBD Exquis Costa Rica sea vendida o adquirida por una organizaci\u00f3n externa, la informaci\u00f3n personal puede ir junto con la transferencia de activos. Si esto ocurre, se le notificar\u00e1 30 d\u00edas antes de la fecha oficial de la transferencia, y usted podr\u00e1 mover, borrar o cambiar cualquier informaci\u00f3n que desee si as\u00ed lo desea.<\/p>\n\n\n\n<p><\/p>\n\n\n\n<p><\/p>\n","protected":false},"excerpt":{"rendered":"<p>Env\u00edo El plazo de entrega previsto para los pedidos nacionales variar\u00e1 en funci\u00f3n de la ubicaci\u00f3n del lugar al que se env\u00ede el paquete, pero se recibir\u00e1 entre 1 y 5 d\u00edas laborables. Recibir\u00e1 un correo electr\u00f3nico o un mensaje de WhatsApp con la confirmaci\u00f3n del env\u00edo de su art\u00edculo. Registro No es necesario que<a class=\"more-link\" href=\"https:\/\/cbd.encostarica.org\/index.php\/terminos_y_condiciones\/\">Read more  &#10230;<\/a><\/p>\n","protected":false},"author":1,"featured_media":0,"parent":0,"menu_order":0,"comment_status":"closed","ping_status":"closed","template":"","meta":{"footnotes":""},"class_list":["post-445","page","type-page","status-publish","hentry"],"yoast_head":"<!-- This site is optimized with the Yoast SEO plugin v20.3 - https:\/\/yoast.com\/wordpress\/plugins\/seo\/ -->\n<title>T\u00e9rminos Y Condiciones - CBD Costa Rica<\/title>\n<meta name=\"description\" content=\"T\u00e9rminos y condiciones de CBD Costa Rica marca Exquis para aceite, gomitas y crema para los dolores.\" \/>\n<meta name=\"robots\" content=\"index, follow, max-snippet:-1, max-image-preview:large, max-video-preview:-1\" \/>\n<link rel=\"canonical\" href=\"https:\/\/cbd.encostarica.org\/index.php\/terminos_y_condiciones\/\" \/>\n<meta property=\"og:locale\" content=\"es_ES\" \/>\n<meta property=\"og:type\" content=\"article\" \/>\n<meta property=\"og:title\" content=\"T\u00e9rminos Y Condiciones - CBD Costa Rica\" \/>\n<meta property=\"og:description\" content=\"T\u00e9rminos y condiciones de CBD Costa Rica marca Exquis para aceite, gomitas y crema para los dolores.\" \/>\n<meta property=\"og:url\" content=\"https:\/\/cbd.encostarica.org\/index.php\/terminos_y_condiciones\/\" \/>\n<meta property=\"og:site_name\" content=\"CBD Costa Rica\" \/>\n<meta property=\"article:publisher\" content=\"https:\/\/facebook.com\/micbdcostarica\" \/>\n<meta property=\"article:modified_time\" content=\"2023-03-22T21:32:13+00:00\" \/>\n<meta property=\"og:image\" content=\"https:\/\/cbd.encostarica.org\/wp-content\/uploads\/2023\/01\/aceite-de-cbd-en-costa-rica-2.png\" \/>\n\t<meta property=\"og:image:width\" content=\"1800\" \/>\n\t<meta property=\"og:image:height\" content=\"1147\" \/>\n\t<meta property=\"og:image:type\" content=\"image\/png\" \/>\n<meta name=\"twitter:card\" content=\"summary_large_image\" \/>\n<meta name=\"twitter:label1\" content=\"Est. reading time\" \/>\n\t<meta name=\"twitter:data1\" content=\"5 minutos\" \/>\n<script type=\"application\/ld+json\" class=\"yoast-schema-graph\">{\"@context\":\"https:\/\/schema.org\",\"@graph\":[{\"@type\":\"WebPage\",\"@id\":\"https:\/\/cbd.encostarica.org\/index.php\/terminos_y_condiciones\/\",\"url\":\"https:\/\/cbd.encostarica.org\/index.php\/terminos_y_condiciones\/\",\"name\":\"T\u00e9rminos Y Condiciones - CBD Costa Rica\",\"isPartOf\":{\"@id\":\"https:\/\/cbd.encostarica.org\/#website\"},\"datePublished\":\"2023-03-22T21:32:12+00:00\",\"dateModified\":\"2023-03-22T21:32:13+00:00\",\"description\":\"T\u00e9rminos y condiciones de CBD Costa Rica marca Exquis para aceite, gomitas y crema para los dolores.\",\"breadcrumb\":{\"@id\":\"https:\/\/cbd.encostarica.org\/index.php\/terminos_y_condiciones\/#breadcrumb\"},\"inLanguage\":\"es-CR\",\"potentialAction\":[{\"@type\":\"ReadAction\",\"target\":[\"https:\/\/cbd.encostarica.org\/index.php\/terminos_y_condiciones\/\"]}]},{\"@type\":\"BreadcrumbList\",\"@id\":\"https:\/\/cbd.encostarica.org\/index.php\/terminos_y_condiciones\/#breadcrumb\",\"itemListElement\":[{\"@type\":\"ListItem\",\"position\":1,\"name\":\"Portada\",\"item\":\"https:\/\/cbd.encostarica.org\/\"},{\"@type\":\"ListItem\",\"position\":2,\"name\":\"T\u00e9rminos Y Condiciones\"}]},{\"@type\":\"WebSite\",\"@id\":\"https:\/\/cbd.encostarica.org\/#website\",\"url\":\"https:\/\/cbd.encostarica.org\/\",\"name\":\"CBD Costa Rica - Aceite de CBD Y Gomitas\",\"description\":\"Venta De CBD En Costa Rica Al Mejor Precio Y Calidad. Comprar Aceite, Gomitas y Roll-on. Importado De USA\",\"publisher\":{\"@id\":\"https:\/\/cbd.encostarica.org\/#organization\"},\"alternateName\":\"CBD Costa Rica Comprar\",\"potentialAction\":[{\"@type\":\"SearchAction\",\"target\":{\"@type\":\"EntryPoint\",\"urlTemplate\":\"https:\/\/cbd.encostarica.org\/?s={search_term_string}\"},\"query-input\":\"required name=search_term_string\"}],\"inLanguage\":\"es-CR\"},{\"@type\":\"Organization\",\"@id\":\"https:\/\/cbd.encostarica.org\/#organization\",\"name\":\"CBD Costa Rica - Aceite de CBD Y Gomitas\",\"alternateName\":\"CBD Costa Rica Comprar\",\"url\":\"https:\/\/cbd.encostarica.org\/\",\"logo\":{\"@type\":\"ImageObject\",\"inLanguage\":\"es-CR\",\"@id\":\"https:\/\/cbd.encostarica.org\/#\/schema\/logo\/image\/\",\"url\":\"https:\/\/cbd.encostarica.org\/wp-content\/uploads\/2022\/12\/logo-gris-final-pequeno.png\",\"contentUrl\":\"https:\/\/cbd.encostarica.org\/wp-content\/uploads\/2022\/12\/logo-gris-final-pequeno.png\",\"width\":200,\"height\":176,\"caption\":\"CBD Costa Rica - Aceite de CBD Y Gomitas\"},\"image\":{\"@id\":\"https:\/\/cbd.encostarica.org\/#\/schema\/logo\/image\/\"},\"sameAs\":[\"https:\/\/facebook.com\/micbdcostarica\",\"https:\/\/instagram.com\/micbdcostarica\",\"https:\/\/youtube.com\/@micbdcostarica\"]}]}<\/script>\n<!-- \/ Yoast SEO plugin. -->","yoast_head_json":{"title":"T\u00e9rminos Y Condiciones - CBD Costa Rica","description":"T\u00e9rminos y condiciones de CBD Costa Rica marca Exquis para aceite, gomitas y crema para los dolores.","robots":{"index":"index","follow":"follow","max-snippet":"max-snippet:-1","max-image-preview":"max-image-preview:large","max-video-preview":"max-video-preview:-1"},"canonical":"https:\/\/cbd.encostarica.org\/index.php\/terminos_y_condiciones\/","og_locale":"es_ES","og_type":"article","og_title":"T\u00e9rminos Y Condiciones - CBD Costa Rica","og_description":"T\u00e9rminos y condiciones de CBD Costa Rica marca Exquis para aceite, gomitas y crema para los dolores.","og_url":"https:\/\/cbd.encostarica.org\/index.php\/terminos_y_condiciones\/","og_site_name":"CBD Costa Rica","article_publisher":"https:\/\/facebook.com\/micbdcostarica","article_modified_time":"2023-03-22T21:32:13+00:00","og_image":[{"width":1800,"height":1147,"url":"https:\/\/cbd.encostarica.org\/wp-content\/uploads\/2023\/01\/aceite-de-cbd-en-costa-rica-2.png","type":"image\/png"}],"twitter_card":"summary_large_image","twitter_misc":{"Est. reading time":"5 minutos"},"schema":{"@context":"https:\/\/schema.org","@graph":[{"@type":"WebPage","@id":"https:\/\/cbd.encostarica.org\/index.php\/terminos_y_condiciones\/","url":"https:\/\/cbd.encostarica.org\/index.php\/terminos_y_condiciones\/","name":"T\u00e9rminos Y Condiciones - CBD Costa Rica","isPartOf":{"@id":"https:\/\/cbd.encostarica.org\/#website"},"datePublished":"2023-03-22T21:32:12+00:00","dateModified":"2023-03-22T21:32:13+00:00","description":"T\u00e9rminos y condiciones de CBD Costa Rica marca Exquis para aceite, gomitas y crema para los dolores.","breadcrumb":{"@id":"https:\/\/cbd.encostarica.org\/index.php\/terminos_y_condiciones\/#breadcrumb"},"inLanguage":"es-CR","potentialAction":[{"@type":"ReadAction","target":["https:\/\/cbd.encostarica.org\/index.php\/terminos_y_condiciones\/"]}]},{"@type":"BreadcrumbList","@id":"https:\/\/cbd.encostarica.org\/index.php\/terminos_y_condiciones\/#breadcrumb","itemListElement":[{"@type":"ListItem","position":1,"name":"Portada","item":"https:\/\/cbd.encostarica.org\/"},{"@type":"ListItem","position":2,"name":"T\u00e9rminos Y Condiciones"}]},{"@type":"WebSite","@id":"https:\/\/cbd.encostarica.org\/#website","url":"https:\/\/cbd.encostarica.org\/","name":"CBD Costa Rica - Aceite de CBD Y Gomitas","description":"Venta De CBD En Costa Rica Al Mejor Precio Y Calidad. Comprar Aceite, Gomitas y Roll-on. Importado De USA","publisher":{"@id":"https:\/\/cbd.encostarica.org\/#organization"},"alternateName":"CBD Costa Rica Comprar","potentialAction":[{"@type":"SearchAction","target":{"@type":"EntryPoint","urlTemplate":"https:\/\/cbd.encostarica.org\/?s={search_term_string}"},"query-input":"required name=search_term_string"}],"inLanguage":"es-CR"},{"@type":"Organization","@id":"https:\/\/cbd.encostarica.org\/#organization","name":"CBD Costa Rica - Aceite de CBD Y Gomitas","alternateName":"CBD Costa Rica Comprar","url":"https:\/\/cbd.encostarica.org\/","logo":{"@type":"ImageObject","inLanguage":"es-CR","@id":"https:\/\/cbd.encostarica.org\/#\/schema\/logo\/image\/","url":"https:\/\/cbd.encostarica.org\/wp-content\/uploads\/2022\/12\/logo-gris-final-pequeno.png","contentUrl":"https:\/\/cbd.encostarica.org\/wp-content\/uploads\/2022\/12\/logo-gris-final-pequeno.png","width":200,"height":176,"caption":"CBD Costa Rica - Aceite de CBD Y Gomitas"},"image":{"@id":"https:\/\/cbd.encostarica.org\/#\/schema\/logo\/image\/"},"sameAs":["https:\/\/facebook.com\/micbdcostarica","https:\/\/instagram.com\/micbdcostarica","https:\/\/youtube.com\/@micbdcostarica"]}]}},"_links":{"self":[{"href":"https:\/\/cbd.encostarica.org\/index.php\/wp-json\/wp\/v2\/pages\/445","targetHints":{"allow":["GET"]}}],"collection":[{"href":"https:\/\/cbd.encostarica.org\/index.php\/wp-json\/wp\/v2\/pages"}],"about":[{"href":"https:\/\/cbd.encostarica.org\/index.php\/wp-json\/wp\/v2\/types\/page"}],"author":[{"embeddable":true,"href":"https:\/\/cbd.encostarica.org\/index.php\/wp-json\/wp\/v2\/users\/1"}],"replies":[{"embeddable":true,"href":"https:\/\/cbd.encostarica.org\/index.php\/wp-json\/wp\/v2\/comments?post=445"}],"version-history":[{"count":1,"href":"https:\/\/cbd.encostarica.org\/index.php\/wp-json\/wp\/v2\/pages\/445\/revisions"}],"predecessor-version":[{"id":693,"href":"https:\/\/cbd.encostarica.org\/index.php\/wp-json\/wp\/v2\/pages\/445\/revisions\/693"}],"wp:attachment":[{"href":"https:\/\/cbd.encostarica.org\/index.php\/wp-json\/wp\/v2\/media?parent=445"}],"curies":[{"name":"wp","href":"https:\/\/api.w.org\/{rel}","templated":true}]}}