{"id":2,"date":"2022-12-13T03:40:38","date_gmt":"2022-12-13T03:40:38","guid":{"rendered":"https:\/\/cbd.encostarica.org\/?page_id=2"},"modified":"2023-03-22T22:04:24","modified_gmt":"2023-03-22T22:04:24","slug":"politica_de_envio","status":"publish","type":"page","link":"https:\/\/cbd.encostarica.org\/index.php\/politica_de_envio\/","title":{"rendered":"Pol\u00edtica de env\u00edo"},"content":{"rendered":"\n<p class=\"has-medium-font-size\">En <strong>CBD Costa Rica Exquis<\/strong> nos preocupamos por brindarle el mejor servicio. A continuaci\u00f3n, encontrar\u00e1 el proceso de env\u00edo de los productos a partir del momento que ejecuta su compra. Si desea asistencia para registro y proceso de compra no dude en contactarnos al Whatsapp <strong>84990374<\/strong> o al chat directo en esta p\u00e1gina.<\/p>\n\n\n\n<p class=\"has-medium-font-size\">El env\u00edo de su compra no tiene costos adicionales. Nuestros proveedores de servicio de entrega son: Correos de Costa Rica, mensajero tipo Uber \u00f3 servicios de encomiendas, estas alianzas permiten la generaci\u00f3n autom\u00e1tica de un n\u00famero de gu\u00eda diferenciada para su pedido, lo que nos da el acceso a la consulta y rastreo del mismo.<\/p>\n\n\n\n<p class=\"has-medium-font-size\"><strong>1.- Tiempo de Entrega:<\/strong> Una vez ejecutada su compra y confirmado el pago, el tiempo estimado de entrega es de 1 a 5 d\u00edas h\u00e1biles, dependiendo de la zona del pa\u00eds donde se encuentre (Gran \u00c1rea Metropolitana es mucho mas r\u00e1pida que \u00e1reas rurales). Es decir, en d\u00edas feriados y fines de semana el tiempo de entrega comenzar\u00e1 a correr el primer d\u00eda h\u00e1bil siguiente. Todas las \u00f3rdenes recibidas se alistar\u00e1n y se prepara su env\u00edo, para el siguiente d\u00eda h\u00e1bil.<\/p>\n\n\n\n<p class=\"has-medium-font-size\">Para garantizar la entrega en el tiempo establecido, agradecemos que al momento de ejecutar su compra, nos brinde todos los datos de cliente como nombre y apellido del destinatario, n\u00famero de tel\u00e9fono, n\u00famero de identificaci\u00f3n y coloqu\u00e9 la direcci\u00f3n exacta tanto en la direcci\u00f3n principal como en la direcci\u00f3n de env\u00edo con provincia, cant\u00f3n, distrito y con todos los puntos de referencia posibles.<\/p>\n\n\n\n<p class=\"has-medium-font-size\">Al momento de formalizar el env\u00edo, estaremos contact\u00e1ndole por correo electr\u00f3nico o whatsapp con el d\u00eda y rango de hora aproximada que ser\u00e1 entregado su pedido, para garantizar que el cliente est\u00e9 disponible para la entrega o en su defecto autorice a alguien a recibirlo. Se contar\u00e1n con 2 intentos de entrega, contact\u00e1ndole tanto en la direcci\u00f3n como en el tel\u00e9fono de referencia. En caso de que no se logre realizar la entrega, el paquete nos ser\u00e1 devuelto por la empresa de encomiendas o Correos de Costa Rica.<\/p>\n\n\n\n<p class=\"has-medium-font-size\">En ciertas zonas rurales consideradas alejadas y de excepci\u00f3n por Correos de Costa Rica, el env\u00edo puede tardar en llegar hasta 10 d\u00edas y debe ser retirado en la sucursal mas cercana. Para estos efectos, se procede a localizar al destinario correspondiente mediante una llamada telef\u00f3nica para indicarle que puede pasar a recoger su paquete en la sucursal de Correos de Costa Rica designada y contar\u00e1 con un plazo m\u00e1ximo de 5 d\u00edas h\u00e1biles para su retiro. En caso de no ser retirado, el paquete nos ser\u00e1 devuelto.<\/p>\n\n\n\n<p class=\"has-medium-font-size\"><strong>2.- Sitios de Env\u00edo:<\/strong> Los productos ofrecidos en nuestra Tienda Virtual est\u00e1n disponibles para ser enviados a toda Costa Rica. Los despachos se hacen bajo la modalidad de contra entrega puerta a puerta, tanto dentro del Gran \u00c1rea Metropolitana, as\u00ed como en las siguientes localidades y cabeceras de provincia: Ciudad Col\u00f3n, Puriscal, Orotina, Atenas, Ca\u00f1as, Tilar\u00e1n, R\u00edo Fr\u00edo, Siquirres, Ciudad Quesada, San Ram\u00f3n, Grecia, Jac\u00f3, Parrita, Turrialba, Ciudad Neilly, Golfito, Esparza, Santa Cruz, Liberia, Nicoya, Puntarenas, P\u00e9rez Zeled\u00f3n, Lim\u00f3n, Gu\u00e1piles y varias \u00e1reas rurales. A excepci\u00f3n de ciertas zonas de restricci\u00f3n, indicadas a continuaci\u00f3n, para lo cual el env\u00edo se enviar\u00eda a la sucursal m\u00e1s cercana indicada en la misma tabla.<\/p>\n\n\n\n<p class=\"has-yith-proteo-editor-custom-color-8-color has-text-color has-medium-font-size\"><strong>ZONAS CON RESTRICCI\u00d3N:<\/strong> En estas zonas, Correos de Costa Rica <strong>NO<\/strong> realiza env\u00edos a domicilio, por lo que se detalla la sucursal de entrega correspondiente:<\/p>\n\n\n<div class=\"wp-block-image\">\n<figure class=\"aligncenter size-large is-resized\"><img loading=\"lazy\" decoding=\"async\" src=\"https:\/\/cbd.encostarica.org\/wp-content\/uploads\/2023\/03\/tabla-no-envios-581x1024.jpg\" alt=\"\" class=\"wp-image-695\" width=\"906\" height=\"1597\" srcset=\"https:\/\/cbd.encostarica.org\/wp-content\/uploads\/2023\/03\/tabla-no-envios-581x1024.jpg 581w, https:\/\/cbd.encostarica.org\/wp-content\/uploads\/2023\/03\/tabla-no-envios-170x300.jpg 170w, https:\/\/cbd.encostarica.org\/wp-content\/uploads\/2023\/03\/tabla-no-envios-85x150.jpg 85w, https:\/\/cbd.encostarica.org\/wp-content\/uploads\/2023\/03\/tabla-no-envios-768x1354.jpg 768w, https:\/\/cbd.encostarica.org\/wp-content\/uploads\/2023\/03\/tabla-no-envios-871x1536.jpg 871w, https:\/\/cbd.encostarica.org\/wp-content\/uploads\/2023\/03\/tabla-no-envios-600x1058.jpg 600w, https:\/\/cbd.encostarica.org\/wp-content\/uploads\/2023\/03\/tabla-no-envios.jpg 1122w\" sizes=\"auto, (max-width: 906px) 100vw, 906px\" \/><\/figure>\n<\/div>\n\n\n<p class=\"has-medium-font-size\">Para mayor informaci\u00f3n sobre las pol\u00edticas de env\u00edo de Correos de Costa Rica, uno de nuestros aliados comerciales para el env\u00edo de pedidos, puede consultar su P\u00e1gina Web: <a href=\"https:\/\/www.correos.go.cr\/\" target=\"_blank\" rel=\"noreferrer noopener\">https:\/\/www.correos.go.cr\/<\/a><\/p>\n\n\n\n<p class=\"has-medium-font-size\"><strong>3.- Disponibilidad:<\/strong> Nos preocupamos por mantener nuestros inventarios actualizados, pero es posible que en la actividad de venta diaria, alg\u00fan producto quede sin stock y no podamos cumplir con el env\u00edo. En ese caso, le notificaremos y le reembolsaremos el monto total de su pedido a la cuenta designada por el cliente.<\/p>\n\n\n\n<p class=\"has-medium-font-size\"><strong>4.- Devoluciones:<\/strong> Todo pedido comienza a procesarse inmediatamente despu\u00e9s de Finalizar la orden (si el pago es por medio de dep\u00f3sito o transferencia) o al hacer clic en Enviar pago (si el pago es con tarjeta de cr\u00e9dito o d\u00e9bito). Una vez que el pedido y el pago sean confirmados por nuestro sistema, no ser\u00e1 posible el reembolso de \u00e9ste. Sin embargo, ofrecemos la posibilidad de hacer un cambio por otro producto de su preferencia.<\/p>\n\n\n\n<p class=\"has-medium-font-size\"><strong>5.- Art\u00edculos da\u00f1ados durante el env\u00edo:<\/strong> CBD Costa Rica Exquis revisa y garantiza que al momento de ser enviado el pedido, los productos fueron consignados en perfecto estado. Si existiera alg\u00fan da\u00f1o o inconveniente en la entrega de su pedido, por favor comun\u00edquese con nosotros a trav\u00e9s de nuestro correo: <strong>info@cbd.encostarica.org<\/strong> o al tel\u00e9fono-whatsapp 84990374, para gestionar el inconveniente a la mayor brevedad.<\/p>\n\n\n\n<p class=\"has-medium-font-size\"><strong>6.- Si tiene alguna pregunta sobre la entrega y el env\u00edo<\/strong> de su pedido, comun\u00edquese con nosotros a nuestro correo: info@cbd.encostarica.org, al tel\u00e9fono: 84990374 o a nuestro chat directo de este sitio web y gustosamente le ayudaremos.<\/p>\n\n\n\n<p class=\"has-medium-font-size\"><strong>7.- Nos reservamos el derecho de realizar modificaciones<\/strong> y actualizaciones a esta pol\u00edtica sin previa notificaci\u00f3n. Por consiguiente, recomendamos a nuestros clientes y usuarios revisar peri\u00f3dicamente o antes de ejecutar su compra esta Pol\u00edtica de Env\u00edo.<\/p>\n","protected":false},"excerpt":{"rendered":"<p>En CBD Costa Rica Exquis nos preocupamos por brindarle el mejor servicio. A continuaci\u00f3n, encontrar\u00e1 el proceso de env\u00edo de los productos a partir del momento que ejecuta su compra. Si desea asistencia para registro y proceso de compra no dude en contactarnos al Whatsapp 84990374 o al chat directo en esta p\u00e1gina. El env\u00edo<a class=\"more-link\" href=\"https:\/\/cbd.encostarica.org\/index.php\/politica_de_envio\/\">Read more  &#10230;<\/a><\/p>\n","protected":false},"author":1,"featured_media":0,"parent":0,"menu_order":0,"comment_status":"closed","ping_status":"open","template":"","meta":{"footnotes":""},"class_list":["post-2","page","type-page","status-publish","hentry"],"yoast_head":"<!-- This site is optimized with the Yoast SEO plugin v20.3 - https:\/\/yoast.com\/wordpress\/plugins\/seo\/ -->\n<title>Pol\u00edtica de env\u00edo - CBD Costa Rica<\/title>\n<meta name=\"description\" content=\"A continuaci\u00f3n le invitamos a leer nuestra pol\u00edtica de env\u00edo para que est\u00e9 atento a cualquier anomal\u00eda en la entrega o teimpos de llegada.\" \/>\n<meta name=\"robots\" content=\"index, follow, max-snippet:-1, max-image-preview:large, max-video-preview:-1\" \/>\n<link rel=\"canonical\" href=\"https:\/\/cbd.encostarica.org\/index.php\/politica_de_envio\/\" \/>\n<meta property=\"og:locale\" content=\"es_ES\" \/>\n<meta property=\"og:type\" content=\"article\" \/>\n<meta property=\"og:title\" content=\"Pol\u00edtica de env\u00edo - CBD Costa Rica\" \/>\n<meta property=\"og:description\" content=\"A continuaci\u00f3n le invitamos a leer nuestra pol\u00edtica de env\u00edo para que est\u00e9 atento a cualquier anomal\u00eda en la entrega o teimpos de llegada.\" \/>\n<meta property=\"og:url\" content=\"https:\/\/cbd.encostarica.org\/index.php\/politica_de_envio\/\" \/>\n<meta property=\"og:site_name\" content=\"CBD Costa Rica\" \/>\n<meta property=\"article:publisher\" content=\"https:\/\/facebook.com\/micbdcostarica\" \/>\n<meta property=\"article:modified_time\" content=\"2023-03-22T22:04:24+00:00\" \/>\n<meta property=\"og:image\" content=\"https:\/\/cbd.encostarica.org\/wp-content\/uploads\/2023\/03\/tabla-no-envios-581x1024.jpg\" \/>\n<meta name=\"twitter:card\" content=\"summary_large_image\" \/>\n<meta name=\"twitter:label1\" content=\"Est. reading time\" \/>\n\t<meta name=\"twitter:data1\" content=\"5 minutos\" \/>\n<script type=\"application\/ld+json\" class=\"yoast-schema-graph\">{\"@context\":\"https:\/\/schema.org\",\"@graph\":[{\"@type\":\"WebPage\",\"@id\":\"https:\/\/cbd.encostarica.org\/index.php\/politica_de_envio\/\",\"url\":\"https:\/\/cbd.encostarica.org\/index.php\/politica_de_envio\/\",\"name\":\"Pol\u00edtica de env\u00edo - CBD Costa Rica\",\"isPartOf\":{\"@id\":\"https:\/\/cbd.encostarica.org\/#website\"},\"datePublished\":\"2022-12-13T03:40:38+00:00\",\"dateModified\":\"2023-03-22T22:04:24+00:00\",\"description\":\"A continuaci\u00f3n le invitamos a leer nuestra pol\u00edtica de env\u00edo para que est\u00e9 atento a cualquier anomal\u00eda en la entrega o teimpos de llegada.\",\"breadcrumb\":{\"@id\":\"https:\/\/cbd.encostarica.org\/index.php\/politica_de_envio\/#breadcrumb\"},\"inLanguage\":\"es-CR\",\"potentialAction\":[{\"@type\":\"ReadAction\",\"target\":[\"https:\/\/cbd.encostarica.org\/index.php\/politica_de_envio\/\"]}]},{\"@type\":\"BreadcrumbList\",\"@id\":\"https:\/\/cbd.encostarica.org\/index.php\/politica_de_envio\/#breadcrumb\",\"itemListElement\":[{\"@type\":\"ListItem\",\"position\":1,\"name\":\"Portada\",\"item\":\"https:\/\/cbd.encostarica.org\/\"},{\"@type\":\"ListItem\",\"position\":2,\"name\":\"Pol\u00edtica de env\u00edo\"}]},{\"@type\":\"WebSite\",\"@id\":\"https:\/\/cbd.encostarica.org\/#website\",\"url\":\"https:\/\/cbd.encostarica.org\/\",\"name\":\"CBD Costa Rica - Aceite de CBD Y Gomitas\",\"description\":\"Venta De CBD En Costa Rica Al Mejor Precio Y Calidad. Comprar Aceite, Gomitas y Roll-on. Importado De USA\",\"publisher\":{\"@id\":\"https:\/\/cbd.encostarica.org\/#organization\"},\"alternateName\":\"CBD Costa Rica Comprar\",\"potentialAction\":[{\"@type\":\"SearchAction\",\"target\":{\"@type\":\"EntryPoint\",\"urlTemplate\":\"https:\/\/cbd.encostarica.org\/?s={search_term_string}\"},\"query-input\":\"required name=search_term_string\"}],\"inLanguage\":\"es-CR\"},{\"@type\":\"Organization\",\"@id\":\"https:\/\/cbd.encostarica.org\/#organization\",\"name\":\"CBD Costa Rica - Aceite de CBD Y Gomitas\",\"alternateName\":\"CBD Costa Rica Comprar\",\"url\":\"https:\/\/cbd.encostarica.org\/\",\"logo\":{\"@type\":\"ImageObject\",\"inLanguage\":\"es-CR\",\"@id\":\"https:\/\/cbd.encostarica.org\/#\/schema\/logo\/image\/\",\"url\":\"https:\/\/cbd.encostarica.org\/wp-content\/uploads\/2022\/12\/logo-gris-final-pequeno.png\",\"contentUrl\":\"https:\/\/cbd.encostarica.org\/wp-content\/uploads\/2022\/12\/logo-gris-final-pequeno.png\",\"width\":200,\"height\":176,\"caption\":\"CBD Costa Rica - Aceite de CBD Y Gomitas\"},\"image\":{\"@id\":\"https:\/\/cbd.encostarica.org\/#\/schema\/logo\/image\/\"},\"sameAs\":[\"https:\/\/facebook.com\/micbdcostarica\",\"https:\/\/instagram.com\/micbdcostarica\",\"https:\/\/youtube.com\/@micbdcostarica\"]}]}<\/script>\n<!-- \/ Yoast SEO plugin. -->","yoast_head_json":{"title":"Pol\u00edtica de env\u00edo - CBD Costa Rica","description":"A continuaci\u00f3n le invitamos a leer nuestra pol\u00edtica de env\u00edo para que est\u00e9 atento a cualquier anomal\u00eda en la entrega o teimpos de llegada.","robots":{"index":"index","follow":"follow","max-snippet":"max-snippet:-1","max-image-preview":"max-image-preview:large","max-video-preview":"max-video-preview:-1"},"canonical":"https:\/\/cbd.encostarica.org\/index.php\/politica_de_envio\/","og_locale":"es_ES","og_type":"article","og_title":"Pol\u00edtica de env\u00edo - CBD Costa Rica","og_description":"A continuaci\u00f3n le invitamos a leer nuestra pol\u00edtica de env\u00edo para que est\u00e9 atento a cualquier anomal\u00eda en la entrega o teimpos de llegada.","og_url":"https:\/\/cbd.encostarica.org\/index.php\/politica_de_envio\/","og_site_name":"CBD Costa Rica","article_publisher":"https:\/\/facebook.com\/micbdcostarica","article_modified_time":"2023-03-22T22:04:24+00:00","og_image":[{"url":"https:\/\/cbd.encostarica.org\/wp-content\/uploads\/2023\/03\/tabla-no-envios-581x1024.jpg"}],"twitter_card":"summary_large_image","twitter_misc":{"Est. reading time":"5 minutos"},"schema":{"@context":"https:\/\/schema.org","@graph":[{"@type":"WebPage","@id":"https:\/\/cbd.encostarica.org\/index.php\/politica_de_envio\/","url":"https:\/\/cbd.encostarica.org\/index.php\/politica_de_envio\/","name":"Pol\u00edtica de env\u00edo - CBD Costa Rica","isPartOf":{"@id":"https:\/\/cbd.encostarica.org\/#website"},"datePublished":"2022-12-13T03:40:38+00:00","dateModified":"2023-03-22T22:04:24+00:00","description":"A continuaci\u00f3n le invitamos a leer nuestra pol\u00edtica de env\u00edo para que est\u00e9 atento a cualquier anomal\u00eda en la entrega o teimpos de llegada.","breadcrumb":{"@id":"https:\/\/cbd.encostarica.org\/index.php\/politica_de_envio\/#breadcrumb"},"inLanguage":"es-CR","potentialAction":[{"@type":"ReadAction","target":["https:\/\/cbd.encostarica.org\/index.php\/politica_de_envio\/"]}]},{"@type":"BreadcrumbList","@id":"https:\/\/cbd.encostarica.org\/index.php\/politica_de_envio\/#breadcrumb","itemListElement":[{"@type":"ListItem","position":1,"name":"Portada","item":"https:\/\/cbd.encostarica.org\/"},{"@type":"ListItem","position":2,"name":"Pol\u00edtica de env\u00edo"}]},{"@type":"WebSite","@id":"https:\/\/cbd.encostarica.org\/#website","url":"https:\/\/cbd.encostarica.org\/","name":"CBD Costa Rica - Aceite de CBD Y Gomitas","description":"Venta De CBD En Costa Rica Al Mejor Precio Y Calidad. Comprar Aceite, Gomitas y Roll-on. Importado De USA","publisher":{"@id":"https:\/\/cbd.encostarica.org\/#organization"},"alternateName":"CBD Costa Rica Comprar","potentialAction":[{"@type":"SearchAction","target":{"@type":"EntryPoint","urlTemplate":"https:\/\/cbd.encostarica.org\/?s={search_term_string}"},"query-input":"required name=search_term_string"}],"inLanguage":"es-CR"},{"@type":"Organization","@id":"https:\/\/cbd.encostarica.org\/#organization","name":"CBD Costa Rica - Aceite de CBD Y Gomitas","alternateName":"CBD Costa Rica Comprar","url":"https:\/\/cbd.encostarica.org\/","logo":{"@type":"ImageObject","inLanguage":"es-CR","@id":"https:\/\/cbd.encostarica.org\/#\/schema\/logo\/image\/","url":"https:\/\/cbd.encostarica.org\/wp-content\/uploads\/2022\/12\/logo-gris-final-pequeno.png","contentUrl":"https:\/\/cbd.encostarica.org\/wp-content\/uploads\/2022\/12\/logo-gris-final-pequeno.png","width":200,"height":176,"caption":"CBD Costa Rica - Aceite de CBD Y Gomitas"},"image":{"@id":"https:\/\/cbd.encostarica.org\/#\/schema\/logo\/image\/"},"sameAs":["https:\/\/facebook.com\/micbdcostarica","https:\/\/instagram.com\/micbdcostarica","https:\/\/youtube.com\/@micbdcostarica"]}]}},"_links":{"self":[{"href":"https:\/\/cbd.encostarica.org\/index.php\/wp-json\/wp\/v2\/pages\/2","targetHints":{"allow":["GET"]}}],"collection":[{"href":"https:\/\/cbd.encostarica.org\/index.php\/wp-json\/wp\/v2\/pages"}],"about":[{"href":"https:\/\/cbd.encostarica.org\/index.php\/wp-json\/wp\/v2\/types\/page"}],"author":[{"embeddable":true,"href":"https:\/\/cbd.encostarica.org\/index.php\/wp-json\/wp\/v2\/users\/1"}],"replies":[{"embeddable":true,"href":"https:\/\/cbd.encostarica.org\/index.php\/wp-json\/wp\/v2\/comments?post=2"}],"version-history":[{"count":3,"href":"https:\/\/cbd.encostarica.org\/index.php\/wp-json\/wp\/v2\/pages\/2\/revisions"}],"predecessor-version":[{"id":698,"href":"https:\/\/cbd.encostarica.org\/index.php\/wp-json\/wp\/v2\/pages\/2\/revisions\/698"}],"wp:attachment":[{"href":"https:\/\/cbd.encostarica.org\/index.php\/wp-json\/wp\/v2\/media?parent=2"}],"curies":[{"name":"wp","href":"https:\/\/api.w.org\/{rel}","templated":true}]}}