{"id":194,"date":"2020-09-24T11:27:46","date_gmt":"2020-09-24T11:27:46","guid":{"rendered":"https:\/\/proteo.yithemes.com\/elementor-food\/?page_id=194"},"modified":"2023-01-18T19:42:06","modified_gmt":"2023-01-18T19:42:06","slug":"nosotros","status":"publish","type":"page","link":"https:\/\/cbd.encostarica.org\/index.php\/nosotros\/","title":{"rendered":"Nosotros"},"content":{"rendered":"\t\t<div data-elementor-type=\"wp-page\" data-elementor-id=\"194\" class=\"elementor elementor-194\">\n\t\t\t\t\t\t\t\t\t<section class=\"elementor-section elementor-top-section elementor-element elementor-element-add054c elementor-section-boxed elementor-section-height-default elementor-section-height-default\" data-id=\"add054c\" data-element_type=\"section\">\n\t\t\t\t\t\t<div class=\"elementor-container elementor-column-gap-default\">\n\t\t\t\t\t<div class=\"elementor-column elementor-col-100 elementor-top-column elementor-element elementor-element-6c2fd2f\" data-id=\"6c2fd2f\" data-element_type=\"column\">\n\t\t\t<div class=\"elementor-widget-wrap elementor-element-populated\">\n\t\t\t\t\t\t\t\t<div class=\"elementor-element elementor-element-168ca9a elementor-invisible elementor-widget elementor-widget-heading\" data-id=\"168ca9a\" data-element_type=\"widget\" data-settings=\"{&quot;_animation&quot;:&quot;fadeIn&quot;}\" data-widget_type=\"heading.default\">\n\t\t\t\t<div class=\"elementor-widget-container\">\n\t\t\t<style>\/*! elementor - v3.9.0 - 06-12-2022 *\/\n.elementor-heading-title{padding:0;margin:0;line-height:1}.elementor-widget-heading .elementor-heading-title[class*=elementor-size-]>a{color:inherit;font-size:inherit;line-height:inherit}.elementor-widget-heading .elementor-heading-title.elementor-size-small{font-size:15px}.elementor-widget-heading .elementor-heading-title.elementor-size-medium{font-size:19px}.elementor-widget-heading .elementor-heading-title.elementor-size-large{font-size:29px}.elementor-widget-heading .elementor-heading-title.elementor-size-xl{font-size:39px}.elementor-widget-heading .elementor-heading-title.elementor-size-xxl{font-size:59px}<\/style><h2 class=\"elementor-heading-title elementor-size-default\">LA CALIDAD NOS DISTINGUE<\/h2>\t\t<\/div>\n\t\t\t\t<\/div>\n\t\t\t\t<div class=\"elementor-element elementor-element-05e33c6 elementor-widget elementor-widget-spacer\" data-id=\"05e33c6\" data-element_type=\"widget\" data-widget_type=\"spacer.default\">\n\t\t\t\t<div class=\"elementor-widget-container\">\n\t\t\t<style>\/*! elementor - v3.9.0 - 06-12-2022 *\/\n.elementor-column .elementor-spacer-inner{height:var(--spacer-size)}.e-con{--container-widget-width:100%}.e-con-inner>.elementor-widget-spacer,.e-con>.elementor-widget-spacer{width:var(--container-widget-width,var(--spacer-size));--align-self:var(--container-widget-align-self,initial);--flex-shrink:0}.e-con-inner>.elementor-widget-spacer>.elementor-widget-container,.e-con-inner>.elementor-widget-spacer>.elementor-widget-container>.elementor-spacer,.e-con>.elementor-widget-spacer>.elementor-widget-container,.e-con>.elementor-widget-spacer>.elementor-widget-container>.elementor-spacer{height:100%}.e-con-inner>.elementor-widget-spacer>.elementor-widget-container>.elementor-spacer>.elementor-spacer-inner,.e-con>.elementor-widget-spacer>.elementor-widget-container>.elementor-spacer>.elementor-spacer-inner{height:var(--container-widget-height,var(--spacer-size))}<\/style>\t\t<div class=\"elementor-spacer\">\n\t\t\t<div class=\"elementor-spacer-inner\"><\/div>\n\t\t<\/div>\n\t\t\t\t<\/div>\n\t\t\t\t<\/div>\n\t\t\t\t\t<\/div>\n\t\t<\/div>\n\t\t\t\t\t\t\t<\/div>\n\t\t<\/section>\n\t\t\t\t<section class=\"elementor-section elementor-top-section elementor-element elementor-element-759a3a4 elementor-section-full_width elementor-section-height-default elementor-section-height-default\" data-id=\"759a3a4\" data-element_type=\"section\">\n\t\t\t\t\t\t<div class=\"elementor-container elementor-column-gap-wider\">\n\t\t\t\t\t<div class=\"elementor-column elementor-col-33 elementor-top-column elementor-element elementor-element-cd3dd38\" data-id=\"cd3dd38\" data-element_type=\"column\">\n\t\t\t<div class=\"elementor-widget-wrap elementor-element-populated\">\n\t\t\t\t\t\t\t\t<div class=\"elementor-element elementor-element-5d4b075 elementor-invisible elementor-widget elementor-widget-image\" data-id=\"5d4b075\" data-element_type=\"widget\" data-settings=\"{&quot;_animation&quot;:&quot;fadeInLeft&quot;}\" data-widget_type=\"image.default\">\n\t\t\t\t<div class=\"elementor-widget-container\">\n\t\t\t<style>\/*! elementor - v3.9.0 - 06-12-2022 *\/\n.elementor-widget-image{text-align:center}.elementor-widget-image a{display:inline-block}.elementor-widget-image a img[src$=\".svg\"]{width:48px}.elementor-widget-image img{vertical-align:middle;display:inline-block}<\/style>\t\t\t\t\t\t\t\t\t\t\t\t<img loading=\"lazy\" decoding=\"async\" width=\"1010\" height=\"888\" src=\"https:\/\/cbd.encostarica.org\/wp-content\/uploads\/2023\/01\/logo-gris-final.png\" class=\"attachment-large size-large wp-image-654\" alt=\"exquis costa rica\" srcset=\"https:\/\/cbd.encostarica.org\/wp-content\/uploads\/2023\/01\/logo-gris-final.png 1010w, https:\/\/cbd.encostarica.org\/wp-content\/uploads\/2023\/01\/logo-gris-final-300x264.png 300w, https:\/\/cbd.encostarica.org\/wp-content\/uploads\/2023\/01\/logo-gris-final-150x132.png 150w, https:\/\/cbd.encostarica.org\/wp-content\/uploads\/2023\/01\/logo-gris-final-768x675.png 768w, https:\/\/cbd.encostarica.org\/wp-content\/uploads\/2023\/01\/logo-gris-final-600x528.png 600w\" sizes=\"auto, (max-width: 1010px) 100vw, 1010px\" \/>\t\t\t\t\t\t\t\t\t\t\t\t\t\t\t<\/div>\n\t\t\t\t<\/div>\n\t\t\t\t\t<\/div>\n\t\t<\/div>\n\t\t\t\t<div class=\"elementor-column elementor-col-66 elementor-top-column elementor-element elementor-element-395cd50 elementor-invisible\" data-id=\"395cd50\" data-element_type=\"column\" data-settings=\"{&quot;animation&quot;:&quot;fadeInRight&quot;}\">\n\t\t\t<div class=\"elementor-widget-wrap elementor-element-populated\">\n\t\t\t\t\t\t\t\t<div class=\"elementor-element elementor-element-efb620d elementor-widget elementor-widget-text-editor\" data-id=\"efb620d\" data-element_type=\"widget\" data-widget_type=\"text-editor.default\">\n\t\t\t\t<div class=\"elementor-widget-container\">\n\t\t\t<style>\/*! elementor - v3.9.0 - 06-12-2022 *\/\n.elementor-widget-text-editor.elementor-drop-cap-view-stacked .elementor-drop-cap{background-color:#818a91;color:#fff}.elementor-widget-text-editor.elementor-drop-cap-view-framed .elementor-drop-cap{color:#818a91;border:3px solid;background-color:transparent}.elementor-widget-text-editor:not(.elementor-drop-cap-view-default) .elementor-drop-cap{margin-top:8px}.elementor-widget-text-editor:not(.elementor-drop-cap-view-default) .elementor-drop-cap-letter{width:1em;height:1em}.elementor-widget-text-editor .elementor-drop-cap{float:left;text-align:center;line-height:1;font-size:50px}.elementor-widget-text-editor .elementor-drop-cap-letter{display:inline-block}<\/style>\t\t\t\t<p>EXQUIS es una empresa estadounidense que ofrece productos de CBD de alta calidad, como aceite, gomitas y unguento en roll-on. Garantizamos la mas alta calidad en todos nuestros productos para asegurarnos de que en este sitio s\u00f3lo se vendan productos aut\u00e9nticamente originarios de la regi\u00f3n concreta certificada para Costa Rica.<\/p><p>Somos una tienda virtual completa de cannabis medicinal (CBD) en Costa Rica. Actualmente nos dedicamos a distribuir productos cosm\u00e9ticos que cuentan con propiedades medicinales,\u00a0 y que sean de fabricaci\u00f3n estadounidense para as\u00ed garantizar su calidad.<\/p><p><strong>\u00bfC\u00f3mo lo hacemos?<\/strong><\/p><p>Buscamos los mejores laboratorios donde se fabrican productos a base de cannabis con registro sanitario en Estados Unidos. Nuestras pol\u00edticas establecen que los productos que ofrecemos sean confiables y seguros.<\/p><p>Una vez seleccionados estos productos, los publicamos en nuestra tienda virtual para as\u00ed facilitar el acceso de estos al consumidor final. Hacemos despachos a todo el territorio nacional, asegurando que la mercanc\u00eda llegue en perfecto estado.<\/p><p>Adem\u00e1s, recibimos todos los medios de pago, facilitando a\u00fan m\u00e1s el acceso a estos productos. Por \u00faltimo, en nuestro blog de noticias generamos contenido especializado para educar sobre los beneficios medicinales del CBD.<\/p><p><strong>\u00bfPor qu\u00e9 lo hacemos?<\/strong><\/p><p>Conocemos los grandes beneficios que esta planta puede brindar en la salud y bienestar de las personas, es por esto que queremos democratizar el uso y comercializaci\u00f3n, quitandole el estigma y mala reputaci\u00f3n que durante tanto tiempo la ha acompa\u00f1ado. Creemos que el comercio justo y productos de excelente calidad s\u00ed pueden coexistir, por eso nos esforzamos por escoger a la marca EXQUIS para poder satisfacer las necesidades de nuestros clientes.<\/p><p>Estamos seguros de la capacidad que tiene esta planta para convertir a Costa Rica en una potencia mundial de producci\u00f3n de derivados del CBD, medicinales e industriales y darle la posibilidad a millones de personas de beneficiarse. EXQUIS es cannabis medicinal al alcance de todos.<\/p><p><strong>\u00bfC\u00f3mo comprar?<\/strong><\/p><p>1. Entra a nuestra tienda<br \/>Entra a la p\u00e1gina \u00abTienda\u00bb donde encontrar\u00e1s 3 productos de CBD derivados del cannabis con todos los beneficios de la planta.<\/p><p>2. Busca un producto<br \/>Una vez en la tienda, encontrar\u00e1s los productos que tenemos para ti. Utiliza los filtros por categor\u00eda para encontrar m\u00e1s f\u00e1cil el producto deseado.<\/p><p>3. Compra y disfruta<br \/>Despu\u00e9s de conseguir tu producto ideal, nosotros nos encargamos de llevarlo a la puerta de tu casa mediante Correos de Costa Rica o entrega personal (previo acuerdo).<\/p><p>Disfruta de los beneficios del CBD en la comodidad de tu hogar. <\/p>\t\t\t\t\t\t<\/div>\n\t\t\t\t<\/div>\n\t\t\t\t\t<\/div>\n\t\t<\/div>\n\t\t\t\t\t\t\t<\/div>\n\t\t<\/section>\n\t\t\t\t<section class=\"elementor-section elementor-top-section elementor-element elementor-element-7cec27b elementor-section-boxed elementor-section-height-default elementor-section-height-default\" data-id=\"7cec27b\" data-element_type=\"section\">\n\t\t\t\t\t\t<div class=\"elementor-container elementor-column-gap-default\">\n\t\t\t\t\t<div class=\"elementor-column elementor-col-100 elementor-top-column elementor-element elementor-element-e6c88ef\" data-id=\"e6c88ef\" data-element_type=\"column\">\n\t\t\t<div class=\"elementor-widget-wrap elementor-element-populated\">\n\t\t\t\t\t\t\t\t<div class=\"elementor-element elementor-element-ab3d606 elementor-widget elementor-widget-spacer\" data-id=\"ab3d606\" data-element_type=\"widget\" data-widget_type=\"spacer.default\">\n\t\t\t\t<div class=\"elementor-widget-container\">\n\t\t\t\t\t<div class=\"elementor-spacer\">\n\t\t\t<div class=\"elementor-spacer-inner\"><\/div>\n\t\t<\/div>\n\t\t\t\t<\/div>\n\t\t\t\t<\/div>\n\t\t\t\t\t<\/div>\n\t\t<\/div>\n\t\t\t\t\t\t\t<\/div>\n\t\t<\/section>\n\t\t\t\t<section class=\"elementor-section elementor-top-section elementor-element elementor-element-19f3cdf elementor-section-full_width elementor-section-height-default elementor-section-height-default\" data-id=\"19f3cdf\" data-element_type=\"section\">\n\t\t\t\t\t\t<div class=\"elementor-container elementor-column-gap-wider\">\n\t\t\t\t\t<div class=\"elementor-column elementor-col-33 elementor-top-column elementor-element elementor-element-f4dea35 elementor-invisible\" data-id=\"f4dea35\" data-element_type=\"column\" data-settings=\"{&quot;animation&quot;:&quot;fadeInLeft&quot;}\">\n\t\t\t<div class=\"elementor-widget-wrap elementor-element-populated\">\n\t\t\t\t\t\t\t\t<div class=\"elementor-element elementor-element-4d491cb elementor-widget elementor-widget-image\" data-id=\"4d491cb\" data-element_type=\"widget\" data-widget_type=\"image.default\">\n\t\t\t\t<div class=\"elementor-widget-container\">\n\t\t\t\t\t\t\t\t\t\t\t\t\t\t\t<img decoding=\"async\" src=\"https:\/\/cbd.encostarica.org\/wp-content\/uploads\/elementor\/thumbs\/gota-aceite-cbd-cr-q0ruw5foollhvc85t6wi64hm203qamsvbl4zv8md4w.png\" title=\"gota aceite cbd cr\" alt=\"gota aceite cbd cr\" \/>\t\t\t\t\t\t\t\t\t\t\t\t\t\t\t<\/div>\n\t\t\t\t<\/div>\n\t\t\t\t<div class=\"elementor-element elementor-element-d82fc45 elementor-widget elementor-widget-spacer\" data-id=\"d82fc45\" data-element_type=\"widget\" data-widget_type=\"spacer.default\">\n\t\t\t\t<div class=\"elementor-widget-container\">\n\t\t\t\t\t<div class=\"elementor-spacer\">\n\t\t\t<div class=\"elementor-spacer-inner\"><\/div>\n\t\t<\/div>\n\t\t\t\t<\/div>\n\t\t\t\t<\/div>\n\t\t\t\t<div class=\"elementor-element elementor-element-cfe0767 elementor-widget elementor-widget-heading\" data-id=\"cfe0767\" data-element_type=\"widget\" data-widget_type=\"heading.default\">\n\t\t\t\t<div class=\"elementor-widget-container\">\n\t\t\t<h3 class=\"elementor-heading-title elementor-size-default\">Aceite De CBD Costa Rica<\/h3>\t\t<\/div>\n\t\t\t\t<\/div>\n\t\t\t\t<div class=\"elementor-element elementor-element-2c0da1e elementor-widget elementor-widget-text-editor\" data-id=\"2c0da1e\" data-element_type=\"widget\" data-widget_type=\"text-editor.default\">\n\t\t\t\t<div class=\"elementor-widget-container\">\n\t\t\t\t\t\t\t<p style=\"text-align: center;\">Frasco de 30 ml de aceite 100% puro de CBD de aplicaci\u00f3n sublingual.<\/p>\t\t\t\t\t\t<\/div>\n\t\t\t\t<\/div>\n\t\t\t\t\t<\/div>\n\t\t<\/div>\n\t\t\t\t<div class=\"elementor-column elementor-col-33 elementor-top-column elementor-element elementor-element-e6c73e0 elementor-invisible\" data-id=\"e6c73e0\" data-element_type=\"column\" data-settings=\"{&quot;animation&quot;:&quot;fadeInUp&quot;}\">\n\t\t\t<div class=\"elementor-widget-wrap elementor-element-populated\">\n\t\t\t\t\t\t\t\t<div class=\"elementor-element elementor-element-2fa33a7 elementor-widget elementor-widget-image\" data-id=\"2fa33a7\" data-element_type=\"widget\" data-widget_type=\"image.default\">\n\t\t\t\t<div class=\"elementor-widget-container\">\n\t\t\t\t\t\t\t\t\t\t\t\t\t\t\t<img decoding=\"async\" src=\"https:\/\/cbd.encostarica.org\/wp-content\/uploads\/elementor\/thumbs\/gomita-de-cbd-cr-q0ruxj94qthoyo7sqafqc9x1jfa6mlan6fpqawkhz4.png\" title=\"gomita de cbd cr\" alt=\"gomita de cbd cr\" \/>\t\t\t\t\t\t\t\t\t\t\t\t\t\t\t<\/div>\n\t\t\t\t<\/div>\n\t\t\t\t<div class=\"elementor-element elementor-element-e6aa736 elementor-widget elementor-widget-spacer\" data-id=\"e6aa736\" data-element_type=\"widget\" data-widget_type=\"spacer.default\">\n\t\t\t\t<div class=\"elementor-widget-container\">\n\t\t\t\t\t<div class=\"elementor-spacer\">\n\t\t\t<div class=\"elementor-spacer-inner\"><\/div>\n\t\t<\/div>\n\t\t\t\t<\/div>\n\t\t\t\t<\/div>\n\t\t\t\t<div class=\"elementor-element elementor-element-927034b elementor-widget elementor-widget-heading\" data-id=\"927034b\" data-element_type=\"widget\" data-widget_type=\"heading.default\">\n\t\t\t\t<div class=\"elementor-widget-container\">\n\t\t\t<h3 class=\"elementor-heading-title elementor-size-default\">Gomitas De CBD Costa Rica<\/h3>\t\t<\/div>\n\t\t\t\t<\/div>\n\t\t\t\t<div class=\"elementor-element elementor-element-1189fb5 elementor-widget elementor-widget-text-editor\" data-id=\"1189fb5\" data-element_type=\"widget\" data-widget_type=\"text-editor.default\">\n\t\t\t\t<div class=\"elementor-widget-container\">\n\t\t\t\t\t\t\t<p style=\"text-align: center;\">Frasco de 30 unidades que aportan 10 mg de CBD por gomita. Ricos sabores.<\/p>\t\t\t\t\t\t<\/div>\n\t\t\t\t<\/div>\n\t\t\t\t\t<\/div>\n\t\t<\/div>\n\t\t\t\t<div class=\"elementor-column elementor-col-33 elementor-top-column elementor-element elementor-element-ca5b145 elementor-invisible\" data-id=\"ca5b145\" data-element_type=\"column\" data-settings=\"{&quot;animation&quot;:&quot;fadeInRight&quot;}\">\n\t\t\t<div class=\"elementor-widget-wrap elementor-element-populated\">\n\t\t\t\t\t\t\t\t<div class=\"elementor-element elementor-element-f6b173e elementor-widget elementor-widget-image\" data-id=\"f6b173e\" data-element_type=\"widget\" data-widget_type=\"image.default\">\n\t\t\t\t<div class=\"elementor-widget-container\">\n\t\t\t\t\t\t\t\t\t\t\t\t\t\t\t<img decoding=\"async\" src=\"https:\/\/cbd.encostarica.org\/wp-content\/uploads\/elementor\/thumbs\/roll-on-cbd-cr-q0ruyi15rotaw8ta37gxej53ioirje4pn7up254xkw.png\" title=\"roll-on cbd cr\" alt=\"roll-on cbd cr\" \/>\t\t\t\t\t\t\t\t\t\t\t\t\t\t\t<\/div>\n\t\t\t\t<\/div>\n\t\t\t\t<div class=\"elementor-element elementor-element-256cf83 elementor-widget elementor-widget-spacer\" data-id=\"256cf83\" data-element_type=\"widget\" data-widget_type=\"spacer.default\">\n\t\t\t\t<div class=\"elementor-widget-container\">\n\t\t\t\t\t<div class=\"elementor-spacer\">\n\t\t\t<div class=\"elementor-spacer-inner\"><\/div>\n\t\t<\/div>\n\t\t\t\t<\/div>\n\t\t\t\t<\/div>\n\t\t\t\t<div class=\"elementor-element elementor-element-d4cf89d elementor-widget elementor-widget-heading\" data-id=\"d4cf89d\" data-element_type=\"widget\" data-widget_type=\"heading.default\">\n\t\t\t\t<div class=\"elementor-widget-container\">\n\t\t\t<h3 class=\"elementor-heading-title elementor-size-default\">Roll-On De CBD Costa Rica<\/h3>\t\t<\/div>\n\t\t\t\t<\/div>\n\t\t\t\t<div class=\"elementor-element elementor-element-16f4038 elementor-widget elementor-widget-text-editor\" data-id=\"16f4038\" data-element_type=\"widget\" data-widget_type=\"text-editor.default\">\n\t\t\t\t<div class=\"elementor-widget-container\">\n\t\t\t\t\t\t\t<p style=\"text-align: center;\">Frasco con 3 onzas con 1000 mg de CBD de f\u00e1cil aplicaci\u00f3n en la piel.<\/p>\t\t\t\t\t\t<\/div>\n\t\t\t\t<\/div>\n\t\t\t\t\t<\/div>\n\t\t<\/div>\n\t\t\t\t\t\t\t<\/div>\n\t\t<\/section>\n\t\t\t\t\t\t\t<\/div>\n\t\t","protected":false},"excerpt":{"rendered":"<p>LA CALIDAD NOS DISTINGUE EXQUIS es una empresa estadounidense que ofrece productos de CBD de alta calidad, como aceite, gomitas y unguento en roll-on. Garantizamos la mas alta calidad en todos nuestros productos para asegurarnos de que en este sitio s\u00f3lo se vendan productos aut\u00e9nticamente originarios de la regi\u00f3n concreta certificada para Costa Rica. Somos<a class=\"more-link\" href=\"https:\/\/cbd.encostarica.org\/index.php\/nosotros\/\">Read more  &#10230;<\/a><\/p>\n","protected":false},"author":1,"featured_media":0,"parent":0,"menu_order":0,"comment_status":"closed","ping_status":"closed","template":"","meta":{"footnotes":""},"class_list":["post-194","page","type-page","status-publish","hentry"],"yoast_head":"<!-- This site is optimized with the Yoast SEO plugin v20.3 - https:\/\/yoast.com\/wordpress\/plugins\/seo\/ -->\n<title>Nosotros - CBD Costa Rica<\/title>\n<meta name=\"robots\" content=\"index, follow, max-snippet:-1, max-image-preview:large, max-video-preview:-1\" \/>\n<link rel=\"canonical\" href=\"https:\/\/cbd.encostarica.org\/index.php\/nosotros\/\" \/>\n<meta property=\"og:locale\" content=\"es_ES\" \/>\n<meta property=\"og:type\" content=\"article\" \/>\n<meta property=\"og:title\" content=\"Nosotros - CBD Costa Rica\" \/>\n<meta property=\"og:description\" content=\"LA CALIDAD NOS DISTINGUE EXQUIS es una empresa estadounidense que ofrece productos de CBD de alta calidad, como aceite, gomitas y unguento en roll-on. Garantizamos la mas alta calidad en todos nuestros productos para asegurarnos de que en este sitio s\u00f3lo se vendan productos aut\u00e9nticamente originarios de la regi\u00f3n concreta certificada para Costa Rica. SomosRead more &#10230;\" \/>\n<meta property=\"og:url\" content=\"https:\/\/cbd.encostarica.org\/index.php\/nosotros\/\" \/>\n<meta property=\"og:site_name\" content=\"CBD Costa Rica\" \/>\n<meta property=\"article:publisher\" content=\"https:\/\/facebook.com\/micbdcostarica\" \/>\n<meta property=\"article:modified_time\" content=\"2023-01-18T19:42:06+00:00\" \/>\n<meta property=\"og:image\" content=\"https:\/\/cbd.encostarica.org\/wp-content\/uploads\/2023\/01\/logo-gris-final.png\" \/>\n<meta name=\"twitter:card\" content=\"summary_large_image\" \/>\n<meta name=\"twitter:label1\" content=\"Est. reading time\" \/>\n\t<meta name=\"twitter:data1\" content=\"2 minutos\" \/>\n<script type=\"application\/ld+json\" class=\"yoast-schema-graph\">{\"@context\":\"https:\/\/schema.org\",\"@graph\":[{\"@type\":\"WebPage\",\"@id\":\"https:\/\/cbd.encostarica.org\/index.php\/nosotros\/\",\"url\":\"https:\/\/cbd.encostarica.org\/index.php\/nosotros\/\",\"name\":\"Nosotros - CBD Costa Rica\",\"isPartOf\":{\"@id\":\"https:\/\/cbd.encostarica.org\/#website\"},\"datePublished\":\"2020-09-24T11:27:46+00:00\",\"dateModified\":\"2023-01-18T19:42:06+00:00\",\"breadcrumb\":{\"@id\":\"https:\/\/cbd.encostarica.org\/index.php\/nosotros\/#breadcrumb\"},\"inLanguage\":\"es-CR\",\"potentialAction\":[{\"@type\":\"ReadAction\",\"target\":[\"https:\/\/cbd.encostarica.org\/index.php\/nosotros\/\"]}]},{\"@type\":\"BreadcrumbList\",\"@id\":\"https:\/\/cbd.encostarica.org\/index.php\/nosotros\/#breadcrumb\",\"itemListElement\":[{\"@type\":\"ListItem\",\"position\":1,\"name\":\"Portada\",\"item\":\"https:\/\/cbd.encostarica.org\/\"},{\"@type\":\"ListItem\",\"position\":2,\"name\":\"Nosotros\"}]},{\"@type\":\"WebSite\",\"@id\":\"https:\/\/cbd.encostarica.org\/#website\",\"url\":\"https:\/\/cbd.encostarica.org\/\",\"name\":\"CBD Costa Rica - Aceite de CBD Y Gomitas\",\"description\":\"Venta De CBD En Costa Rica Al Mejor Precio Y Calidad. Comprar Aceite, Gomitas y Roll-on. Importado De USA\",\"publisher\":{\"@id\":\"https:\/\/cbd.encostarica.org\/#organization\"},\"alternateName\":\"CBD Costa Rica Comprar\",\"potentialAction\":[{\"@type\":\"SearchAction\",\"target\":{\"@type\":\"EntryPoint\",\"urlTemplate\":\"https:\/\/cbd.encostarica.org\/?s={search_term_string}\"},\"query-input\":\"required name=search_term_string\"}],\"inLanguage\":\"es-CR\"},{\"@type\":\"Organization\",\"@id\":\"https:\/\/cbd.encostarica.org\/#organization\",\"name\":\"CBD Costa Rica - Aceite de CBD Y Gomitas\",\"alternateName\":\"CBD Costa Rica Comprar\",\"url\":\"https:\/\/cbd.encostarica.org\/\",\"logo\":{\"@type\":\"ImageObject\",\"inLanguage\":\"es-CR\",\"@id\":\"https:\/\/cbd.encostarica.org\/#\/schema\/logo\/image\/\",\"url\":\"https:\/\/cbd.encostarica.org\/wp-content\/uploads\/2022\/12\/logo-gris-final-pequeno.png\",\"contentUrl\":\"https:\/\/cbd.encostarica.org\/wp-content\/uploads\/2022\/12\/logo-gris-final-pequeno.png\",\"width\":200,\"height\":176,\"caption\":\"CBD Costa Rica - Aceite de CBD Y Gomitas\"},\"image\":{\"@id\":\"https:\/\/cbd.encostarica.org\/#\/schema\/logo\/image\/\"},\"sameAs\":[\"https:\/\/facebook.com\/micbdcostarica\",\"https:\/\/instagram.com\/micbdcostarica\",\"https:\/\/youtube.com\/@micbdcostarica\"]}]}<\/script>\n<!-- \/ Yoast SEO plugin. -->","yoast_head_json":{"title":"Nosotros - CBD Costa Rica","robots":{"index":"index","follow":"follow","max-snippet":"max-snippet:-1","max-image-preview":"max-image-preview:large","max-video-preview":"max-video-preview:-1"},"canonical":"https:\/\/cbd.encostarica.org\/index.php\/nosotros\/","og_locale":"es_ES","og_type":"article","og_title":"Nosotros - CBD Costa Rica","og_description":"LA CALIDAD NOS DISTINGUE EXQUIS es una empresa estadounidense que ofrece productos de CBD de alta calidad, como aceite, gomitas y unguento en roll-on. Garantizamos la mas alta calidad en todos nuestros productos para asegurarnos de que en este sitio s\u00f3lo se vendan productos aut\u00e9nticamente originarios de la regi\u00f3n concreta certificada para Costa Rica. SomosRead more &#10230;","og_url":"https:\/\/cbd.encostarica.org\/index.php\/nosotros\/","og_site_name":"CBD Costa Rica","article_publisher":"https:\/\/facebook.com\/micbdcostarica","article_modified_time":"2023-01-18T19:42:06+00:00","og_image":[{"url":"https:\/\/cbd.encostarica.org\/wp-content\/uploads\/2023\/01\/logo-gris-final.png"}],"twitter_card":"summary_large_image","twitter_misc":{"Est. reading time":"2 minutos"},"schema":{"@context":"https:\/\/schema.org","@graph":[{"@type":"WebPage","@id":"https:\/\/cbd.encostarica.org\/index.php\/nosotros\/","url":"https:\/\/cbd.encostarica.org\/index.php\/nosotros\/","name":"Nosotros - CBD Costa Rica","isPartOf":{"@id":"https:\/\/cbd.encostarica.org\/#website"},"datePublished":"2020-09-24T11:27:46+00:00","dateModified":"2023-01-18T19:42:06+00:00","breadcrumb":{"@id":"https:\/\/cbd.encostarica.org\/index.php\/nosotros\/#breadcrumb"},"inLanguage":"es-CR","potentialAction":[{"@type":"ReadAction","target":["https:\/\/cbd.encostarica.org\/index.php\/nosotros\/"]}]},{"@type":"BreadcrumbList","@id":"https:\/\/cbd.encostarica.org\/index.php\/nosotros\/#breadcrumb","itemListElement":[{"@type":"ListItem","position":1,"name":"Portada","item":"https:\/\/cbd.encostarica.org\/"},{"@type":"ListItem","position":2,"name":"Nosotros"}]},{"@type":"WebSite","@id":"https:\/\/cbd.encostarica.org\/#website","url":"https:\/\/cbd.encostarica.org\/","name":"CBD Costa Rica - Aceite de CBD Y Gomitas","description":"Venta De CBD En Costa Rica Al Mejor Precio Y Calidad. Comprar Aceite, Gomitas y Roll-on. Importado De USA","publisher":{"@id":"https:\/\/cbd.encostarica.org\/#organization"},"alternateName":"CBD Costa Rica Comprar","potentialAction":[{"@type":"SearchAction","target":{"@type":"EntryPoint","urlTemplate":"https:\/\/cbd.encostarica.org\/?s={search_term_string}"},"query-input":"required name=search_term_string"}],"inLanguage":"es-CR"},{"@type":"Organization","@id":"https:\/\/cbd.encostarica.org\/#organization","name":"CBD Costa Rica - Aceite de CBD Y Gomitas","alternateName":"CBD Costa Rica Comprar","url":"https:\/\/cbd.encostarica.org\/","logo":{"@type":"ImageObject","inLanguage":"es-CR","@id":"https:\/\/cbd.encostarica.org\/#\/schema\/logo\/image\/","url":"https:\/\/cbd.encostarica.org\/wp-content\/uploads\/2022\/12\/logo-gris-final-pequeno.png","contentUrl":"https:\/\/cbd.encostarica.org\/wp-content\/uploads\/2022\/12\/logo-gris-final-pequeno.png","width":200,"height":176,"caption":"CBD Costa Rica - Aceite de CBD Y Gomitas"},"image":{"@id":"https:\/\/cbd.encostarica.org\/#\/schema\/logo\/image\/"},"sameAs":["https:\/\/facebook.com\/micbdcostarica","https:\/\/instagram.com\/micbdcostarica","https:\/\/youtube.com\/@micbdcostarica"]}]}},"_links":{"self":[{"href":"https:\/\/cbd.encostarica.org\/index.php\/wp-json\/wp\/v2\/pages\/194","targetHints":{"allow":["GET"]}}],"collection":[{"href":"https:\/\/cbd.encostarica.org\/index.php\/wp-json\/wp\/v2\/pages"}],"about":[{"href":"https:\/\/cbd.encostarica.org\/index.php\/wp-json\/wp\/v2\/types\/page"}],"author":[{"embeddable":true,"href":"https:\/\/cbd.encostarica.org\/index.php\/wp-json\/wp\/v2\/users\/1"}],"replies":[{"embeddable":true,"href":"https:\/\/cbd.encostarica.org\/index.php\/wp-json\/wp\/v2\/comments?post=194"}],"version-history":[{"count":11,"href":"https:\/\/cbd.encostarica.org\/index.php\/wp-json\/wp\/v2\/pages\/194\/revisions"}],"predecessor-version":[{"id":662,"href":"https:\/\/cbd.encostarica.org\/index.php\/wp-json\/wp\/v2\/pages\/194\/revisions\/662"}],"wp:attachment":[{"href":"https:\/\/cbd.encostarica.org\/index.php\/wp-json\/wp\/v2\/media?parent=194"}],"curies":[{"name":"wp","href":"https:\/\/api.w.org\/{rel}","templated":true}]}}