{"id":12,"date":"2023-03-22T22:50:51","date_gmt":"2023-03-22T22:50:51","guid":{"rendered":"https:\/\/cbd.encostarica.org\/?page_id=12"},"modified":"2023-03-22T22:50:52","modified_gmt":"2023-03-22T22:50:52","slug":"reembolsos_y_devoluciones","status":"publish","type":"page","link":"https:\/\/cbd.encostarica.org\/index.php\/reembolsos_y_devoluciones\/","title":{"rendered":"Pol\u00edtica de reembolsos y devoluciones"},"content":{"rendered":"\n<p class=\"has-medium-font-size\"><strong>Informaci\u00f3n general<\/strong><\/p>\n\n\n\n<p class=\"has-medium-font-size\">Nuestra pol\u00edtica de reembolsos y devoluciones dura 30 d\u00edas. Si han pasado 30 d\u00edas desde tu compra, no podemos ofrecerte un reembolso o cambio completo.<\/p>\n\n\n\n<p class=\"has-medium-font-size\">Para poder realizar una devoluci\u00f3n, el art\u00edculo debe estar sin usar y en las mismas condiciones en las que lo recibi\u00f3. Tambi\u00e9n debe estar en su embalaje original.<\/p>\n\n\n\n<p class=\"has-medium-font-size\">El reembolso de dinero solo ser\u00e1 posible si no podemos enviarle un producto sustituto exactamente igual al comprado.<\/p>\n\n\n\n<p class=\"has-medium-font-size\"><strong>Art\u00edculos adicionales no retornables:<\/strong><\/p>\n\n\n\n<p class=\"has-medium-font-size\">Productos de muestra o  regalo.<\/p>\n\n\n\n<p class=\"has-medium-font-size\">Para completar su devoluci\u00f3n, necesitamos un recibo o prueba de compra.<\/p>\n\n\n\n<p class=\"has-medium-font-size\">No env\u00ede su compra al fabricante, sino a nosotros como representantes en el pa\u00eds.<\/p>\n\n\n\n<p class=\"has-medium-font-size\">Hay determinadas situaciones en las que <strong>NO<\/strong> se conceden devoluciones, entre ellas:<\/p>\n\n\n\n<p class=\"has-medium-font-size\">Signos evidentes de uso<\/p>\n\n\n\n<p class=\"has-medium-font-size\">Cualquier producto que se devuelva m\u00e1s de 30 d\u00edas naturales despu\u00e9s de la entrega.<\/p>\n\n\n\n<p class=\"has-medium-font-size\"><strong>Reembolsos<\/strong><\/p>\n\n\n\n<p class=\"has-medium-font-size\">Una vez recibido e inspeccionado su producto devuelto, le enviaremos un correo electr\u00f3nico o mensaje de WhatsApp para notificarle que hemos recibido el producto. Tambi\u00e9n le notificaremos la aprobaci\u00f3n o rechazo de un reembolso en caso que eso se lo esperado por usted como cliente.<\/p>\n\n\n\n<p class=\"has-medium-font-size\">Si se aprueba, se procesar\u00e1 el reembolso y se aplicar\u00e1 autom\u00e1ticamente un cr\u00e9dito a su tarjeta de cr\u00e9dito o m\u00e9todo de pago original.<\/p>\n\n\n\n<p class=\"has-medium-font-size\"><strong>Reembolsos atrasados o no recibidos<\/strong><\/p>\n\n\n\n<p class=\"has-medium-font-size\">Si a\u00fan no ha recibido el reembolso, compruebe primero de nuevo su cuenta bancaria.<\/p>\n\n\n\n<p class=\"has-medium-font-size\">A continuaci\u00f3n, p\u00f3ngase en contacto con la entidad emisora de su tarjeta de cr\u00e9dito.<\/p>\n\n\n\n<p class=\"has-medium-font-size\">A continuaci\u00f3n, p\u00f3ngase en contacto con su banco. A menudo transcurre alg\u00fan tiempo antes de que se contabilice el reembolso.<\/p>\n\n\n\n<p class=\"has-medium-font-size\">Si has hecho todo esto y a\u00fan no has recibido el reembolso, ponte en contacto con nosotros a nuestro email: info@cbd.encostarica.org o a nuestro WhatsApp: 84990374<\/p>\n\n\n\n<p class=\"has-medium-font-size\"><strong>Art\u00edculos en oferta<\/strong><\/p>\n\n\n\n<p class=\"has-medium-font-size\">S\u00f3lo se reembolsar\u00e1n los productos de precio normal. Los productos en oferta no se pueden reembolsar.<\/p>\n\n\n\n<p class=\"has-medium-font-size\"><strong>Cambios<\/strong><\/p>\n\n\n\n<p class=\"has-medium-font-size\">S\u00f3lo cambiamos productos si est\u00e1n defectuosos, da\u00f1ados o expirados. Si necesitas cambiarlo por otro igual, env\u00edanos un correo electr\u00f3nico a: info@cbd.encostarica.org o nuestro WhatsApp: 84990374 y env\u00edanos el producto a la direcci\u00f3n que te proporcionaremos por privado.<\/p>\n\n\n\n<p class=\"has-medium-font-size\"><strong>Regalos<\/strong><\/p>\n\n\n\n<p class=\"has-medium-font-size\">Si el producto estaba marcado como regalo o muestra cuando lo compraste y te lo enviamos directamente, recibir\u00e1s un abono de regalo por el valor de tu devoluci\u00f3n. Una vez recibido el art\u00edculo devuelto, se te enviar\u00e1 por correo un vale regalo.<\/p>\n\n\n\n<p class=\"has-medium-font-size\">Si el art\u00edculo no estaba marcado como regalo en el momento de la compra, o si la persona que hizo el regalo se envi\u00f3 a s\u00ed misma el pedido para entreg\u00e1rtelo a ti m\u00e1s tarde, enviaremos un reembolso a la persona que hizo el regalo y ella se enterar\u00e1 de tu devoluci\u00f3n.<\/p>\n\n\n\n<p class=\"has-medium-font-size\"><strong>Env\u00edo de devoluciones<\/strong><\/p>\n\n\n\n<p class=\"has-medium-font-size\">Para devolver su producto, debe enviarlo por correo a la direcci\u00f3n que se le proporcionar\u00e1 por privado a su email o WhatsApp.<\/p>\n\n\n\n<p class=\"has-medium-font-size\">Usted ser\u00e1 responsable de pagar sus propios gastos de env\u00edo por el producto a devolver. Los gastos de env\u00edo que usted tenga no son reembolsables.<\/p>\n\n\n\n<p class=\"has-medium-font-size\">Dependiendo de d\u00f3nde viva, el tiempo que puede tardar en llegarle el producto cambiado puede variar.<\/p>\n\n\n\n<p class=\"has-medium-font-size\">Para devolver el producto, puede utilizar un servicio de env\u00edo con seguimiento como Correos de Costa Rica o alg\u00fan servicio de encomiendas. No garantizamos que recibiremos el producto devuelto.<\/p>\n\n\n\n<p class=\"has-medium-font-size\"><strong>\u00bfNecesita ayuda?<\/strong><\/p>\n\n\n\n<p class=\"has-medium-font-size\">Ponte en contacto con nosotros por chat directo, email o WhatsApp si tienes preguntas relacionadas con reembolsos y devoluciones o cualquier otro motivo.<\/p>\n","protected":false},"excerpt":{"rendered":"<p>Informaci\u00f3n general Nuestra pol\u00edtica de reembolsos y devoluciones dura 30 d\u00edas. Si han pasado 30 d\u00edas desde tu compra, no podemos ofrecerte un reembolso o cambio completo. Para poder realizar una devoluci\u00f3n, el art\u00edculo debe estar sin usar y en las mismas condiciones en las que lo recibi\u00f3. Tambi\u00e9n debe estar en su embalaje original.<a class=\"more-link\" href=\"https:\/\/cbd.encostarica.org\/index.php\/reembolsos_y_devoluciones\/\">Read more  &#10230;<\/a><\/p>\n","protected":false},"author":1,"featured_media":0,"parent":0,"menu_order":0,"comment_status":"closed","ping_status":"closed","template":"","meta":{"footnotes":""},"class_list":["post-12","page","type-page","status-publish","hentry"],"yoast_head":"<!-- This site is optimized with the Yoast SEO plugin v20.3 - https:\/\/yoast.com\/wordpress\/plugins\/seo\/ -->\n<title>Pol\u00edtica de reembolsos y devoluciones - CBD Costa Rica<\/title>\n<meta name=\"description\" content=\"Esta es nuestra pol\u00edtica de reembolsos y devoluciones en caso que usted desee devolver el producto a CBD Costa Rica Exquis.\" \/>\n<meta name=\"robots\" content=\"index, follow, max-snippet:-1, max-image-preview:large, max-video-preview:-1\" \/>\n<link rel=\"canonical\" href=\"https:\/\/cbd.encostarica.org\/index.php\/reembolsos_y_devoluciones\/\" \/>\n<meta property=\"og:locale\" content=\"es_ES\" \/>\n<meta property=\"og:type\" content=\"article\" \/>\n<meta property=\"og:title\" content=\"Pol\u00edtica de reembolsos y devoluciones - CBD Costa Rica\" \/>\n<meta property=\"og:description\" content=\"Esta es nuestra pol\u00edtica de reembolsos y devoluciones en caso que usted desee devolver el producto a CBD Costa Rica Exquis.\" \/>\n<meta property=\"og:url\" content=\"https:\/\/cbd.encostarica.org\/index.php\/reembolsos_y_devoluciones\/\" \/>\n<meta property=\"og:site_name\" content=\"CBD Costa Rica\" \/>\n<meta property=\"article:publisher\" content=\"https:\/\/facebook.com\/micbdcostarica\" \/>\n<meta property=\"article:modified_time\" content=\"2023-03-22T22:50:52+00:00\" \/>\n<meta property=\"og:image\" content=\"https:\/\/cbd.encostarica.org\/wp-content\/uploads\/2023\/01\/aceite-de-cbd-en-costa-rica-2.png\" \/>\n\t<meta property=\"og:image:width\" content=\"1800\" \/>\n\t<meta property=\"og:image:height\" content=\"1147\" \/>\n\t<meta property=\"og:image:type\" content=\"image\/png\" \/>\n<meta name=\"twitter:card\" content=\"summary_large_image\" \/>\n<meta name=\"twitter:label1\" content=\"Est. reading time\" \/>\n\t<meta name=\"twitter:data1\" content=\"3 minutos\" \/>\n<script type=\"application\/ld+json\" class=\"yoast-schema-graph\">{\"@context\":\"https:\/\/schema.org\",\"@graph\":[{\"@type\":\"WebPage\",\"@id\":\"https:\/\/cbd.encostarica.org\/index.php\/reembolsos_y_devoluciones\/\",\"url\":\"https:\/\/cbd.encostarica.org\/index.php\/reembolsos_y_devoluciones\/\",\"name\":\"Pol\u00edtica de reembolsos y devoluciones - CBD Costa Rica\",\"isPartOf\":{\"@id\":\"https:\/\/cbd.encostarica.org\/#website\"},\"datePublished\":\"2023-03-22T22:50:51+00:00\",\"dateModified\":\"2023-03-22T22:50:52+00:00\",\"description\":\"Esta es nuestra pol\u00edtica de reembolsos y devoluciones en caso que usted desee devolver el producto a CBD Costa Rica Exquis.\",\"breadcrumb\":{\"@id\":\"https:\/\/cbd.encostarica.org\/index.php\/reembolsos_y_devoluciones\/#breadcrumb\"},\"inLanguage\":\"es-CR\",\"potentialAction\":[{\"@type\":\"ReadAction\",\"target\":[\"https:\/\/cbd.encostarica.org\/index.php\/reembolsos_y_devoluciones\/\"]}]},{\"@type\":\"BreadcrumbList\",\"@id\":\"https:\/\/cbd.encostarica.org\/index.php\/reembolsos_y_devoluciones\/#breadcrumb\",\"itemListElement\":[{\"@type\":\"ListItem\",\"position\":1,\"name\":\"Portada\",\"item\":\"https:\/\/cbd.encostarica.org\/\"},{\"@type\":\"ListItem\",\"position\":2,\"name\":\"Pol\u00edtica de reembolsos y devoluciones\"}]},{\"@type\":\"WebSite\",\"@id\":\"https:\/\/cbd.encostarica.org\/#website\",\"url\":\"https:\/\/cbd.encostarica.org\/\",\"name\":\"CBD Costa Rica - Aceite de CBD Y Gomitas\",\"description\":\"Venta De CBD En Costa Rica Al Mejor Precio Y Calidad. Comprar Aceite, Gomitas y Roll-on. Importado De USA\",\"publisher\":{\"@id\":\"https:\/\/cbd.encostarica.org\/#organization\"},\"alternateName\":\"CBD Costa Rica Comprar\",\"potentialAction\":[{\"@type\":\"SearchAction\",\"target\":{\"@type\":\"EntryPoint\",\"urlTemplate\":\"https:\/\/cbd.encostarica.org\/?s={search_term_string}\"},\"query-input\":\"required name=search_term_string\"}],\"inLanguage\":\"es-CR\"},{\"@type\":\"Organization\",\"@id\":\"https:\/\/cbd.encostarica.org\/#organization\",\"name\":\"CBD Costa Rica - Aceite de CBD Y Gomitas\",\"alternateName\":\"CBD Costa Rica Comprar\",\"url\":\"https:\/\/cbd.encostarica.org\/\",\"logo\":{\"@type\":\"ImageObject\",\"inLanguage\":\"es-CR\",\"@id\":\"https:\/\/cbd.encostarica.org\/#\/schema\/logo\/image\/\",\"url\":\"https:\/\/cbd.encostarica.org\/wp-content\/uploads\/2022\/12\/logo-gris-final-pequeno.png\",\"contentUrl\":\"https:\/\/cbd.encostarica.org\/wp-content\/uploads\/2022\/12\/logo-gris-final-pequeno.png\",\"width\":200,\"height\":176,\"caption\":\"CBD Costa Rica - Aceite de CBD Y Gomitas\"},\"image\":{\"@id\":\"https:\/\/cbd.encostarica.org\/#\/schema\/logo\/image\/\"},\"sameAs\":[\"https:\/\/facebook.com\/micbdcostarica\",\"https:\/\/instagram.com\/micbdcostarica\",\"https:\/\/youtube.com\/@micbdcostarica\"]}]}<\/script>\n<!-- \/ Yoast SEO plugin. -->","yoast_head_json":{"title":"Pol\u00edtica de reembolsos y devoluciones - CBD Costa Rica","description":"Esta es nuestra pol\u00edtica de reembolsos y devoluciones en caso que usted desee devolver el producto a CBD Costa Rica Exquis.","robots":{"index":"index","follow":"follow","max-snippet":"max-snippet:-1","max-image-preview":"max-image-preview:large","max-video-preview":"max-video-preview:-1"},"canonical":"https:\/\/cbd.encostarica.org\/index.php\/reembolsos_y_devoluciones\/","og_locale":"es_ES","og_type":"article","og_title":"Pol\u00edtica de reembolsos y devoluciones - CBD Costa Rica","og_description":"Esta es nuestra pol\u00edtica de reembolsos y devoluciones en caso que usted desee devolver el producto a CBD Costa Rica Exquis.","og_url":"https:\/\/cbd.encostarica.org\/index.php\/reembolsos_y_devoluciones\/","og_site_name":"CBD Costa Rica","article_publisher":"https:\/\/facebook.com\/micbdcostarica","article_modified_time":"2023-03-22T22:50:52+00:00","og_image":[{"width":1800,"height":1147,"url":"https:\/\/cbd.encostarica.org\/wp-content\/uploads\/2023\/01\/aceite-de-cbd-en-costa-rica-2.png","type":"image\/png"}],"twitter_card":"summary_large_image","twitter_misc":{"Est. reading time":"3 minutos"},"schema":{"@context":"https:\/\/schema.org","@graph":[{"@type":"WebPage","@id":"https:\/\/cbd.encostarica.org\/index.php\/reembolsos_y_devoluciones\/","url":"https:\/\/cbd.encostarica.org\/index.php\/reembolsos_y_devoluciones\/","name":"Pol\u00edtica de reembolsos y devoluciones - CBD Costa Rica","isPartOf":{"@id":"https:\/\/cbd.encostarica.org\/#website"},"datePublished":"2023-03-22T22:50:51+00:00","dateModified":"2023-03-22T22:50:52+00:00","description":"Esta es nuestra pol\u00edtica de reembolsos y devoluciones en caso que usted desee devolver el producto a CBD Costa Rica Exquis.","breadcrumb":{"@id":"https:\/\/cbd.encostarica.org\/index.php\/reembolsos_y_devoluciones\/#breadcrumb"},"inLanguage":"es-CR","potentialAction":[{"@type":"ReadAction","target":["https:\/\/cbd.encostarica.org\/index.php\/reembolsos_y_devoluciones\/"]}]},{"@type":"BreadcrumbList","@id":"https:\/\/cbd.encostarica.org\/index.php\/reembolsos_y_devoluciones\/#breadcrumb","itemListElement":[{"@type":"ListItem","position":1,"name":"Portada","item":"https:\/\/cbd.encostarica.org\/"},{"@type":"ListItem","position":2,"name":"Pol\u00edtica de reembolsos y devoluciones"}]},{"@type":"WebSite","@id":"https:\/\/cbd.encostarica.org\/#website","url":"https:\/\/cbd.encostarica.org\/","name":"CBD Costa Rica - Aceite de CBD Y Gomitas","description":"Venta De CBD En Costa Rica Al Mejor Precio Y Calidad. Comprar Aceite, Gomitas y Roll-on. Importado De USA","publisher":{"@id":"https:\/\/cbd.encostarica.org\/#organization"},"alternateName":"CBD Costa Rica Comprar","potentialAction":[{"@type":"SearchAction","target":{"@type":"EntryPoint","urlTemplate":"https:\/\/cbd.encostarica.org\/?s={search_term_string}"},"query-input":"required name=search_term_string"}],"inLanguage":"es-CR"},{"@type":"Organization","@id":"https:\/\/cbd.encostarica.org\/#organization","name":"CBD Costa Rica - Aceite de CBD Y Gomitas","alternateName":"CBD Costa Rica Comprar","url":"https:\/\/cbd.encostarica.org\/","logo":{"@type":"ImageObject","inLanguage":"es-CR","@id":"https:\/\/cbd.encostarica.org\/#\/schema\/logo\/image\/","url":"https:\/\/cbd.encostarica.org\/wp-content\/uploads\/2022\/12\/logo-gris-final-pequeno.png","contentUrl":"https:\/\/cbd.encostarica.org\/wp-content\/uploads\/2022\/12\/logo-gris-final-pequeno.png","width":200,"height":176,"caption":"CBD Costa Rica - Aceite de CBD Y Gomitas"},"image":{"@id":"https:\/\/cbd.encostarica.org\/#\/schema\/logo\/image\/"},"sameAs":["https:\/\/facebook.com\/micbdcostarica","https:\/\/instagram.com\/micbdcostarica","https:\/\/youtube.com\/@micbdcostarica"]}]}},"_links":{"self":[{"href":"https:\/\/cbd.encostarica.org\/index.php\/wp-json\/wp\/v2\/pages\/12","targetHints":{"allow":["GET"]}}],"collection":[{"href":"https:\/\/cbd.encostarica.org\/index.php\/wp-json\/wp\/v2\/pages"}],"about":[{"href":"https:\/\/cbd.encostarica.org\/index.php\/wp-json\/wp\/v2\/types\/page"}],"author":[{"embeddable":true,"href":"https:\/\/cbd.encostarica.org\/index.php\/wp-json\/wp\/v2\/users\/1"}],"replies":[{"embeddable":true,"href":"https:\/\/cbd.encostarica.org\/index.php\/wp-json\/wp\/v2\/comments?post=12"}],"version-history":[{"count":1,"href":"https:\/\/cbd.encostarica.org\/index.php\/wp-json\/wp\/v2\/pages\/12\/revisions"}],"predecessor-version":[{"id":700,"href":"https:\/\/cbd.encostarica.org\/index.php\/wp-json\/wp\/v2\/pages\/12\/revisions\/700"}],"wp:attachment":[{"href":"https:\/\/cbd.encostarica.org\/index.php\/wp-json\/wp\/v2\/media?parent=12"}],"curies":[{"name":"wp","href":"https:\/\/api.w.org\/{rel}","templated":true}]}}